{"id":828,"date":"2019-05-15T23:58:32","date_gmt":"2019-05-15T20:58:32","guid":{"rendered":"https:\/\/www.vakkoesmod.com\/?page_id=828"},"modified":"2019-05-15T23:58:32","modified_gmt":"2019-05-15T20:58:32","slug":"terms-of-use","status":"publish","type":"page","link":"https:\/\/www.vakkoesmod.com\/en\/terms-of-use\/","title":{"rendered":"Terms of Use"},"content":{"rendered":"<p>\u0130\u015fbu https:\/\/www.vakkoesmod.com sitesinin (\u201cSite\u201d) t\u00fcm haklar\u0131 Vakko Tekstil ve Haz\u0131r Giyim San. \u0130\u015fl. A.\u015e.ye (\u201cVakko\u201d) aittir. Sitenin Kullan\u0131c\u0131lar ve \u00dcyeler taraf\u0131ndan kullan\u0131m\u0131 a\u015fa\u011f\u0131daki h\u00fck\u00fcm ve \u015fartlara tabidir. L\u00fctfen Siteyi kullanmadan \u00f6nce a\u015fa\u011f\u0131daki Site Kullan\u0131m Ko\u015fullar\u0131n\u0131 (\u201cKullan\u0131m Ko\u015fullar\u0131\u201d) dikkatlice okuyunuz.<\/p>\n<p><strong>I. A\u00e7\u0131klama<\/strong><\/p>\n<p>Site\u2019ye \u00fcyelik, a\u015fa\u011f\u0131da yaz\u0131l\u0131 ko\u015fullar\u0131n taraf\u0131n\u0131zca kabul\u00fcne ba\u011fl\u0131d\u0131r. Site&#8217;nin kullan\u0131m\u0131, bu ko\u015fullar\u0131 kabul etti\u011finiz anlam\u0131na gelir.\u00a0\u00a0\u00a0\u00a0\u00a0Kullan\u0131m Ko\u015fullar\u0131 da dahil olmak \u00fczere Vakko, Site ve Site uzant\u0131s\u0131 kapsam\u0131nda sunulan hizmetleri, \u00fcr\u00fcnleri, fikir ve sanat eserlerini, Sitede sunulan herhangi bir bilgi ve veriyi, \u00f6nceden herhangi bir ihtar veya ihbar yapmaya gerek olmaks\u0131z\u0131n de\u011fi\u015ftirme, Site yay\u0131n\u0131na ara verme, Site yay\u0131n\u0131 tamamen durdurma ve Siteyi en geni\u015f kapsamda yeniden d\u00fczenleme haklar\u0131n\u0131 sakl\u0131 tutmaktad\u0131r. Vakko\u2019nun Site Kullan\u0131m \u015eartlar\u0131 \u00fczerinde yapaca\u011f\u0131 de\u011fi\u015fiklikler, Sitede yay\u0131mlanmalar\u0131yla birlikte y\u00fcr\u00fcl\u00fc\u011fe girer ve bu de\u011fi\u015fiklikler, kullan\u0131c\u0131 taraf\u0131ndan Site\u2019ye girilmesi, herhangi bir \u015fekilde eri\u015fim yap\u0131lmas\u0131 veya Site\u2019nin kullan\u0131lmas\u0131 ile birlikte kabul edilmi\u015f addolunur. Site\u2019ye \u00fcyelik formunu eksiksiz dolduran ve VAKKO taraf\u0131ndan \u00fcyelikleri uygun bulunan ger\u00e7ek ya da t\u00fczel ki\u015filer &#8220;\u00dcYE&#8221; olarak kabul edilir. \u00dcyelik i\u00e7in 18 ya\u015f\u0131n\u0131 doldurmu\u015f olmak zorunludur. T\u00fczel ki\u015filer, ancak yasal temsilcileri kanal\u0131 ile \u00fcyelik ba\u015fvurusu yapabilirler.<\/p>\n<p>Site\u2019ye giri\u015f yapan, Site\u2019yi ziyaret eden, herhangi bir \u015fekilde kullanan, Siteye eri\u015fen ve\/veya herhangi ba\u015fkaca bir \u015fekilde ba\u011flanan t\u00fcm \u00fcye ve ziyaret\u00e7iler(\u201cKullan\u0131c\u0131\u201d), bu sayfada d\u00fczenlenmi\u015f olan Vakko Web Sitesi Kullan\u0131m \u015eartlar\u0131\u2019na uyacaklar\u0131n\u0131 pe\u015finen beyan, kabul ve taahh\u00fct ederler. \u0130\u015fbu Yukar\u0131da an\u0131lan &#8220;Kullan\u0131c\u0131&#8221; ifadesi, \u00fcye giri\u015fi yapmak suretiyle veya herhangi bir \u015fekilde Siteye giri\u015f yapan, Siteyi kullanan, inceleyen veya herhangi bir ileti\u015fim cihaz\u0131(cep telefonu, bilgisayar gibi) arac\u0131l\u0131\u011f\u0131yla Site\u2019ye ba\u011flanm\u0131\u015f olan veya Site \u00fczerinden elektronik veri al\u0131\u015f-veri\u015finde bulunmu\u015f veya bulunmakta olan herhangi bir ki\u015fiyi ifade etmektedir.<\/p>\n<p><strong>II. Hizmet \u0130\u00e7eri\u011fi<\/strong><\/p>\n<p>VAKKO&#8217;nun, Site \u00fczerinden verece\u011fi hizmet; VAKKO online shop sitesinde sat\u0131\u015fa sunulan \u00fcr\u00fcnlerin; \u00fcye taraf\u0131ndan bedeli \u00f6dendikten sonra, VAKKO&#8217;nun stok durumunun uygun olmas\u0131 halinde taahh\u00fct edilen s\u00fcrede mal\u0131n m\u00fc\u015fteriye kargo firmas\u0131 taraf\u0131ndan ay\u0131ps\u0131z ve hasars\u0131z olarak teslimidir.<\/p>\n<p><strong>III. Genel Ko\u015ful ve H\u00fck\u00fcmler<\/strong><\/p>\n<p>VAKKO, Sitede mevcut bilgilerin do\u011fruluk ve g\u00fcncelli\u011fini s\u00fcrekli olarak kontrol etmektedir. Ancak bu bilgilerin her zaman g\u00fcncel olmayabilece\u011fi \u00dcyeler ve Kullan\u0131c\u0131lar taraf\u0131ndan g\u00f6zetilmelidir.<\/p>\n<p>VAKKO, diledi\u011fi takdirde, hi\u00e7bir gerek\u00e7e g\u00f6stermeksizin \u00fcyeli\u011fi iptal etme hakk\u0131na sahiptir.<\/p>\n<p>Site\u2019ye ait her t\u00fcrl\u00fc fikri m\u00fclkiyet hakk\u0131(sitede bulunan bilgiler, yaz\u0131lar, resimler, markalar, slogan ve di\u011fer i\u015faretler, sayfa d\u00fczeni vb) m\u00fcnhas\u0131ran VAKKO&#8217;nun m\u00fclkiyetindedir. Sitede sunulan fikri m\u00fclkiyetin k\u0131smen ya da tamamen kopyalanmas\u0131, de\u011fi\u015ftirilmesi, yay\u0131nlanmas\u0131, online ya da di\u011fer bir medya kullan\u0131lmak suretiyle g\u00f6nderimi, da\u011f\u0131t\u0131m\u0131, sat\u0131lmas\u0131 a\u00e7\u0131k ve kesin bir bi\u00e7imde 5846 Say\u0131l\u0131 Fikir ve Satan Eserleri Kanunu&#8217;na ayk\u0131r\u0131 olacak ve hukuki ve cezai yapt\u0131r\u0131ma maruz kalacakt\u0131r.<\/p>\n<p>\u00dcye, kredi kart\u0131n\u0131 g\u00fcvenli bir \u015fekilde kullanmakla y\u00fck\u00fcml\u00fcd\u00fcr. VAKKO, s\u00f6zle\u015fmeye ayk\u0131r\u0131l\u0131k, haks\u0131z fiil, ya da ba\u015fkaca sebeplere binaen, do\u011fabilecek do\u011frudan ya da dolayl\u0131 hi\u00e7bir zarardan sorumlu de\u011fildir.<\/p>\n<p>VAKKO, diledi\u011fi tarihte, i\u015fbu s\u00f6zle\u015fmeyi bildirimsiz olarak feshedebilir, k\u0131smen ya da tamamen devredebilir. Kullan\u0131c\u0131 veya \u00fcyenin s\u00f6zle\u015fmeyi devri, h\u00fck\u00fcms\u00fczd\u00fcr.<\/p>\n<p>VAKKO m\u00fccbir sebeple ya da t\u00fcm\u00fc ile kendi takdir ve de\u011ferlendirmesine ba\u011fl\u0131 olarak Site\u2019yi yay\u0131ndan kald\u0131rma, i\u00e7eri\u011fini de\u011fi\u015ftirme hakk\u0131na sahiptir.<\/p>\n<p>Kullan\u0131c\u0131lar ve \u00dcyeler, Site\u2019yi kullan\u0131rken genel ahlaka ve adaba, y\u00fcr\u00fcrl\u00fckteki t\u00fcm ulusal ve uluslararas\u0131 kanunlara ve nizamlara, ileti\u015fim ve internet g\u00fcvenli\u011fine uygun olarak hareket etmek ile y\u00fck\u00fcml\u00fcd\u00fcr. Kullan\u0131c\u0131lar\u0131n Siteye ekleyecekleri her t\u00fcrl\u00fc ifade, yorum, yaz\u0131, resim, g\u00f6rsel ve sair her t\u00fcrl\u00fc bilgi ve belge genel ahlaka ve adaba ve ilgili ulusal ve uluslararas\u0131 mevzuata uygun i\u00e7erik ve \u015fekilde olmal\u0131d\u0131r.<\/p>\n<p>Sitenin yaz\u0131l\u0131m ve donan\u0131m sistemlerinin zarar g\u00f6rmesine yol a\u00e7abilecek, i\u015fleyi\u015fini olumsuz y\u00f6nde etkileyebilecek veye yava\u015flamas\u0131na yol a\u00e7abilecek her t\u00fcrl\u00fc fiil ve i\u015flem yasakt\u0131r. An\u0131lan yasak kapsam\u0131na otomatik programlar veya yaz\u0131l\u0131mlar kullan\u0131larak birden fazla sorgu yap\u0131lmas\u0131 veya \u00fcyelik kayd\u0131 a\u00e7\u0131lmas\u0131, veya otomatik y\u00f6ntemler arac\u0131l\u0131\u011f\u0131yla Siteye \u00e7ok say\u0131da talep veya bilgi g\u00f6nderilmesi de dahildir.<\/p>\n<p>\u00dcyeler, kendilerine verilen \u015fifrelerin m\u00fcnhas\u0131ran kendilerine verilmi\u015f oldu\u011funu, bu \u015fifreleri hi\u00e7bir surette ba\u015fkalar\u0131 ile payla\u015fmayacaklar\u0131n\u0131, aksi takdirde do\u011fabilecek her t\u00fcrl\u00fc zarar ve ziyandan kendilerinin sorumlu olaca\u011f\u0131n\u0131 kabul, beyan ve taahh\u00fct etmektedir. \u00dcyelik ba\u015fvurusu yap\u0131l\u0131rken \u00fcye taraf\u0131ndan verilen bilgilerin do\u011frulu\u011fu ve eksiksizli\u011finin tespiti Vakko\u2019nun sorumlulu\u011funda de\u011fildir. Yanl\u0131\u015f \u00fcyelik bilgisi verilmesi sebebiyle do\u011facak zararlardan dolay\u0131 Vakko\u2019nun hi\u00e7bir hukuki sorumlulu\u011fu yoktur.<\/p>\n<p>Vakko, Site Kullan\u0131m Ko\u015fullar\u0131\u2019na ve yukar\u0131da an\u0131lan kurallar\u0131 ayk\u0131r\u0131 \u015fekilde hareket eden Kullan\u0131c\u0131lar\u0131n Siteye eri\u015fiminin engellenmesi ve \u00fcyeliklerinin iptal edilmesi de dahil olmak \u00fczere her t\u00fcrl\u00fc g\u00fcvenlik tedbirini almak, ve gerekirse ihlal edenler aleyhinde yasal i\u015flem ba\u015flatmak hakk\u0131n\u0131 sakl\u0131 tutmaktad\u0131r.<\/p>\n<p>Site\u2019nin kullan\u0131lmas\u0131, Sitede sunulan ve sa\u011flanan veri ve bilgilerin kullan\u0131m\u0131, bu veri ve bilgiler esas\u0131nda yap\u0131lan davran\u0131\u015flar veya Siteye eri\u015fim sebebiyle maruz kal\u0131nabilinecek herhangi t\u00fcrden bilgisayar vir\u00fcsleri, trojan ve benzeri k\u00f6t\u00fc ama\u00e7l\u0131 yaz\u0131l\u0131mlar(malware) da dahil ve fakat bunlarla s\u0131n\u0131rl\u0131 olmamak \u00fczere, Kullan\u0131c\u0131lar\u0131n, \u00dcyelerin veya di\u011fer \u00fc\u00e7\u00fcnc\u00fc ki\u015filerin herhangi bir sebepten \u00f6t\u00fcr\u00fc u\u011frayabilecekleri her t\u00fcrl\u00fc ve t\u00fcm do\u011frudan ve dolayl\u0131 zarar, ziyan, hasar ve\/veya kay\u0131plar ile ilgili Vakko\u2019nun hi\u00e7bir hukuki veya cezai sorumlulu\u011fu bulunmamaktad\u0131r. Kullan\u0131c\u0131lar, yukar\u0131da an\u0131lan zararlar sebebiyle Vakko\u2019dan her ne isim alt\u0131nda olursa olsun herhangi bir talep veya iddiada bulunmayacaklar\u0131n\u0131 pe\u015finen kabul, beyan ve taahh\u00fct etmektedir.<\/p>\n<p>\u0130\u015fbu &#8220;WEB S\u0130TES\u0130 KULLANIM KO\u015eULLARI VE \u00dcYEL\u0130K S\u00d6ZLE\u015eMES\u0130&#8221;nden kaynaklanacak ihtilaflar T\u00fcrk Hukuku&#8217;na tabidir ve \u0130stanbul Merkez Mahkemeleri ve \u0130cra Daireleri yetkilidir.<\/p>\n<p>\u015eahs\u0131ma ait bildirmi\u015f oldu\u011fum, i\u015fbu form ile yaz\u0131l\u0131 olarak verdi\u011fim bilgiler ve fakat bunlarla s\u0131n\u0131rl\u0131 olmamak \u00fczere her \u015fekilde taraf\u0131n\u0131za sa\u011flad\u0131\u011f\u0131m t\u00fcm ki\u015fisel verilerimin; 6563 Say\u0131l\u0131 Elektronik Ticaretin D\u00fczenlenmesi kapsam\u0131nda, kampanya, indirim gibi. bilgilendirme maksatl\u0131 olmak \u00fczere ve Vakko Holding Anonim \u015eirketi ile grup \u015firketleri, i\u015f ortaklar\u0131, \u00e7al\u0131\u015ft\u0131\u011f\u0131 t\u00fcm kurumlara 6698 say\u0131l\u0131 Ki\u015fisel Verilerin Korunmas\u0131 Kanunu (\u201cKanun\u201d) uyar\u0131nca, sat\u0131\u015f tarih\u00e7esi olu\u015fturmak, fatura olu\u015fturmak, fatura kesmek, \u00fcyelik hesab\u0131na sadakat kart\u0131n\u0131 tan\u0131mlamak, sadakat kart\u0131 veya bas\u0131l\u0131 ileti\u015fim materyalleri iletmek, \u00fcr\u00fcn teslim etmek, e-fatura g\u00f6ndermek, newsletter g\u00f6ndermek, promosyon ve sair \u00e7e\u015fitli kampanyalar hakk\u0131nda bilgilendirmek, pazarlama ileti\u015fimi yapmak, m\u00fc\u015fteri analizi yapmak, m\u00fc\u015fteri sadakatini art\u0131rmak, \u00f6zel \u00fcretim yapmak ve benzeri ama\u00e7lar i\u00e7in i\u015flenmesine ve s\u00f6z konusu veri i\u015fleme ama\u00e7lar\u0131n\u0131n ger\u00e7ekle\u015ftirilmesi ve Vakko \u015eirketler Toplulu\u011funun ilke, operasyon, s\u00fcre\u00e7, hedef ve stratejilerine uygun olarak y\u00fcr\u00fct\u00fclmesi ile Vakko\u2019nun hak ve menfaatleri ile itibar\u0131n\u0131n korunmas\u0131 amac\u0131yla i\u015flenmesine, kullan\u0131lmas\u0131na, gerekli g\u00f6r\u00fclmesi halinde, t\u00fcm Vakko Holding Anonim \u015eirketi i\u015ftirakleri ile yaln\u0131zca veri i\u015fleme amac\u0131n\u0131n gerektirdi\u011fi ve\/veya ar\u015fivleme amac\u0131 ve sunulan hizmetin gerektirdi\u011fi durumlar kapsam\u0131nda aktar\u0131lmas\u0131na Vakko Holding A.\u015e. ve i\u015ftiraklerinin ilke, operasyon, s\u00fcre\u00e7, hedef ve stratejilerinin gerektirdi\u011fi durumlarda \u00fc\u00e7\u00fcnc\u00fc ki\u015fi i\u015f ortaklar\u0131, hizmet \/ destek \/ dan\u0131\u015fmanl\u0131k al\u0131nan ya da i\u015fbirli\u011fi yap\u0131lan ya da proje \/ program \/ finansman orta\u011f\u0131 olunan kamu \/ \u00f6zel kurum ve kurulu\u015flar \/ \u015firketler, tedarik\u00e7iler, t\u00fcm Vakko Holding A.\u015e. i\u015ftiraklerinin ortaklar\u0131, \u015firket yetkilileri, bankalar, fonlar, \u015firketler ve sair \u00fc\u00e7\u00fcnc\u00fc ki\u015fi ya da kurulu\u015flar ile payla\u015f\u0131lmas\u0131na; (i) ki\u015fisel verilerimin i\u015flenip i\u015flenmedi\u011fini \u00f6\u011frenme, (ii) ki\u015fisel verilerim i\u015flenmi\u015fse, buna ili\u015fkin bilgi talep etme, (iii) ki\u015fisel verimin i\u015fleme amac\u0131n\u0131 ve verilerimin amaca uygun kullan\u0131l\u0131p kullan\u0131lmad\u0131\u011f\u0131n\u0131 \u00f6\u011frenme, (iv) ki\u015fisel verilerimin aktar\u0131ld\u0131\u011f\u0131 \u00fc\u00e7\u00fcnc\u00fc ki\u015fileri \u00f6\u011frenme ve (v) ki\u015fisel verilerim eksik ya da yanl\u0131\u015f i\u015flenmi\u015fse bunlar\u0131n d\u00fczeltilmesini isteme ve bunun ki\u015fisel verilerimin aktar\u0131ld\u0131\u011f\u0131 \u00fc\u00e7\u00fcnc\u00fc ki\u015filere bildirilmesini talep etme ve (vi) ki\u015fisel verilerimin Kanun\u2019a ayk\u0131r\u0131 i\u015flenmesi sebebiyle zarara u\u011framam durumunda tazminat talep etme haklar\u0131m\u0131 sakl\u0131 tutmak kayd\u0131yla, a\u00e7\u0131k \u015fekilde r\u0131za verdi\u011fimi kabul ve beyan ederim.<\/p>\n","protected":false},"excerpt":{"rendered":"<p>\u0130\u015fbu https:\/\/www.vakkoesmod.com sitesinin (\u201cSite\u201d) t\u00fcm haklar\u0131 Vakko Tekstil ve Haz\u0131r Giyim San. \u0130\u015fl. A.\u015e.ye (\u201cVakko\u201d) aittir. Sitenin Kullan\u0131c\u0131lar ve \u00dcyeler taraf\u0131ndan kullan\u0131m\u0131 a\u015fa\u011f\u0131daki h\u00fck\u00fcm ve \u015fartlara tabidir. L\u00fctfen Siteyi kullanmadan \u00f6nce a\u015fa\u011f\u0131daki Site Kullan\u0131m Ko\u015fullar\u0131n\u0131 (\u201cKullan\u0131m Ko\u015fullar\u0131\u201d) dikkatlice okuyunuz. I. A\u00e7\u0131klama Site\u2019ye \u00fcyelik, a\u015fa\u011f\u0131da yaz\u0131l\u0131 ko\u015fullar\u0131n taraf\u0131n\u0131zca kabul\u00fcne ba\u011fl\u0131d\u0131r. Site&#8217;nin kullan\u0131m\u0131, bu ko\u015fullar\u0131 kabul etti\u011finiz&hellip;<\/p>\n","protected":false},"author":1,"featured_media":0,"parent":0,"menu_order":0,"comment_status":"closed","ping_status":"closed","template":"page-default.php","meta":{"footnotes":""},"class_list":["post-828","page","type-page","status-publish","hentry"],"_links":{"self":[{"href":"https:\/\/www.vakkoesmod.com\/en\/wp-json\/wp\/v2\/pages\/828","targetHints":{"allow":["GET"]}}],"collection":[{"href":"https:\/\/www.vakkoesmod.com\/en\/wp-json\/wp\/v2\/pages"}],"about":[{"href":"https:\/\/www.vakkoesmod.com\/en\/wp-json\/wp\/v2\/types\/page"}],"author":[{"embeddable":true,"href":"https:\/\/www.vakkoesmod.com\/en\/wp-json\/wp\/v2\/users\/1"}],"replies":[{"embeddable":true,"href":"https:\/\/www.vakkoesmod.com\/en\/wp-json\/wp\/v2\/comments?post=828"}],"version-history":[{"count":0,"href":"https:\/\/www.vakkoesmod.com\/en\/wp-json\/wp\/v2\/pages\/828\/revisions"}],"wp:attachment":[{"href":"https:\/\/www.vakkoesmod.com\/en\/wp-json\/wp\/v2\/media?parent=828"}],"curies":[{"name":"wp","href":"https:\/\/api.w.org\/{rel}","templated":true}]}}