{"id":824,"date":"2019-05-15T23:46:48","date_gmt":"2019-05-15T20:46:48","guid":{"rendered":"https:\/\/www.vakkoesmod.com\/?page_id=824"},"modified":"2024-04-19T17:27:34","modified_gmt":"2024-04-19T14:27:34","slug":"cookie-policy","status":"publish","type":"page","link":"https:\/\/www.vakkoesmod.com\/en\/cookie-policy\/","title":{"rendered":"\u00c7erez Ayd\u0131nlatma Metni"},"content":{"rendered":"<p>\u0130\u015fbu Ayd\u0131nlatma Metni, 6698 say\u0131l\u0131 Ki\u015fisel Verilerin Korunmas\u0131 Kanunu\u2019nun (\u201c<strong>Kanun<\/strong>\u201d) 10. maddesi ile Ayd\u0131nlatma Y\u00fck\u00fcml\u00fcl\u00fc\u011f\u00fcn\u00fcn Yerine Getirilmesinde Uyulacak Usul ve Esaslar Hakk\u0131nda Tebli\u011f kapsam\u0131nda veri sorumlusu s\u0131fat\u0131yla Enternasyonel Sanat ve Moda E\u011fitim Hizmetleri Ltd. \u015eti (\u201c<strong>\u015eirket<\/strong>\u201d) taraf\u0131ndan haz\u0131rlanm\u0131\u015ft\u0131r.<\/p>\n<p>\u00c7erezler, pikseller, gifler gibi takip teknolojileri (\u201c<strong>\u00c7erezler<\/strong>\u201d) web siteleri ya da mobil uygulamalar gibi \u00e7evrimi\u00e7i uygulamalar\u0131 kullan\u0131m\u0131n\u0131z esnas\u0131nda tablet, telefon ya da bilgisayarlar\u0131n\u0131z gibi cihazlar\u0131n\u0131za yerle\u015ftirilen k\u00fc\u00e7\u00fck metin dosyalar\u0131d\u0131r. \u00c7erezler sayesinde web sitelerimiz ve uygulamalar\u0131m\u0131za ait sunucular size ait cihazlar\u0131 tan\u0131yarak \u00f6rne\u011fin dil tercihlerinizi, kaydedilmi\u015f kullan\u0131c\u0131 ad\u0131 ve \u015fifrelerinizin hat\u0131rlanmas\u0131n\u0131, site \u00fczerindeki trafi\u011fin y\u00f6netilmesini sa\u011flar. \u00c7erezler ayr\u0131ca web sitemizin ziyaret\u00e7i say\u0131s\u0131n\u0131 ve kitlesini analiz ederek yaz\u0131l\u0131mlar\u0131m\u0131z\u0131 sizlere daha iyi bir deneyim sunabilmek i\u00e7in geli\u015ftirebilmemize ve tercih etmeniz halinde, internet kullan\u0131m\u0131n\u0131z esnas\u0131nda g\u00f6r\u00fcnt\u00fcledi\u011finiz reklamlar\u0131 ki\u015fiselle\u015ftirmemize yard\u0131mc\u0131 olur.<\/p>\n<p>Kanun uyar\u0131nca, https:\/\/www.vakkosesmod.com\/ (\u201c<strong>\u0130nternet Sitesi<\/strong>\u201d) \u00fczerinde kullan\u0131lan \u00e7erezlere ili\u015fkin olarak ki\u015fisel verileriniz; veri sorumlusu olarak \u015eirketimiz taraf\u0131ndan a\u015fa\u011f\u0131da a\u00e7\u0131klanan kapsamda i\u015flenebilecektir.<\/p>\n<p><strong>Ki\u015fisel Verilerin Hangi Ama\u00e7larla \u0130\u015flenece\u011fi ve Hukuki Sebebi<\/strong><br \/>\nToplanan ki\u015fisel verileriniz, a\u015fa\u011f\u0131da yer verilen ama\u00e7larla<strong> (\u201cAma\u00e7lar\u201d)<\/strong> Kanun\u2019un 5. maddesinde belirtilen ki\u015fisel veri i\u015fleme \u015fartlar\u0131 ve ama\u00e7lar\u0131 dahilinde i\u015flenecektir. \u0130nternet Sitesi \u00fczerinde farkl\u0131 ama\u00e7larla \u00e7erezler kullan\u0131lmaktad\u0131r. Kullan\u0131lan ilgili \u00e7erezin t\u00fcr\u00fcne g\u00f6re veri i\u015fleme ama\u00e7lar\u0131 ve ilgili \u00e7erezi kullan\u0131rken dayand\u0131\u011f\u0131m\u0131z Kanun kapsam\u0131ndaki veri i\u015fleme \u015fart\u0131 de\u011fi\u015febilmektedir.<\/p>\n<p><strong>Zorunlu \u00c7erezler<\/strong><br \/>\nZorunlu \u00e7erezler, \u0130nternet Sitesi\u2019ni g\u00f6r\u00fcnt\u00fclemeniz esnas\u0131nda cihaz\u0131n\u0131za yerle\u015ftirilen ve sunulan online servislerin d\u00fczg\u00fcn \u015fekilde \u00e7al\u0131\u015fabilmesi i\u00e7in gerekli olan \u00e7erezlerdir. Bu \u00e7erezlerin kullan\u0131m\u0131 esnas\u0131nda ger\u00e7ekle\u015ftirdi\u011fimiz veri i\u015fleme faaliyetleri i\u00e7in Kanun m.5 kapsam\u0131nda <strong>\u201cBir s\u00f6zle\u015fmenin kurulmas\u0131 veya ifas\u0131yla do\u011frudan do\u011fruya ilgili olmas\u0131 kayd\u0131yla, s\u00f6zle\u015fmenin taraflar\u0131na ait ki\u015fisel verilerin i\u015flenmesinin gerekli olmas\u0131\u201d<\/strong> veri i\u015fleme \u015fart\u0131na dayanmaktay\u0131z.<\/p>\n<p><strong>\u0130\u015flevsellik \u00c7erezleri<\/strong><br \/>\n\u0130\u015flevsellik \u00e7erezleri, \u0130nternet Sitesi \u00fczerindeki belirli i\u015flevlerin sa\u011flanmas\u0131 ve bunlara dair tercihlerinizin hat\u0131rlanmas\u0131 i\u00e7in gerekli olan \u00e7erezlerdir. \u0130nternet Sitesi \u00fczerinde dil tercihinizi hat\u0131rlamak ya da \u00e7erez kullan\u0131m\u0131na y\u00f6nelik ayarlar\u0131n\u0131z\u0131 kaydetmek i\u00e7in i\u015flevsellik \u00e7erezler kullan\u0131l\u0131r.<\/p>\n<p>\u0130lgili bilgi toplumu hizmetini a\u00e7\u0131k\u00e7a talep etti\u011finiz hallerde yapt\u0131\u011f\u0131n\u0131z tercihleri kaydetmek ve b\u00f6ylece \u0130nternet Sitesi\u2019ni sizin i\u00e7in \u00f6zelle\u015ftirmemiz amac\u0131yla \u00e7erezlerin kullan\u0131m\u0131 esnas\u0131nda ger\u00e7ekle\u015ftirdi\u011fimiz veri i\u015fleme faaliyetleri i\u00e7in Kanun m.5 kapsam\u0131nda<strong> \u201c\u0130lgili ki\u015finin temel hak ve \u00f6zg\u00fcrl\u00fcklerine zarar vermemek kayd\u0131yla, veri sorumlusunun me\u015fru menfaatleri i\u00e7in veri i\u015flenmesinin zorunlu olmas\u0131\u201d ve \u201cBir s\u00f6zle\u015fmenin kurulmas\u0131 veya ifas\u0131yla do\u011frudan do\u011fruya ilgili olmas\u0131 kayd\u0131yla, s\u00f6zle\u015fmenin taraflar\u0131na ait ki\u015fisel verilerin i\u015flenmesinin gerekli olmas\u0131\u201d<\/strong> veri i\u015fleme \u015fart\u0131na dayanmaktay\u0131z.<\/p>\n<p>A\u015fa\u011f\u0131da \u0130nternet Sitesi \u00fczerinde kulland\u0131\u011f\u0131m\u0131z farkl\u0131 t\u00fcrdeki \u00e7erezleri bulabilirsiniz. \u0130nternet Sitesi\u2019nde birinci parti \u00e7erezler (ziyaret etti\u011finiz \u0130nternet Sitesi taraf\u0131ndan yerle\u015ftirilen) kullan\u0131lmaktad\u0131r.<\/p>\n<p><strong>Zorunlu \u00c7erezler<\/strong><\/p>\n<table width=\"670\">\n<tbody>\n<tr>\n<td width=\"220px\"><strong>\u00c7erez Ad\u0131<\/strong><\/td>\n<td><strong>Sa\u011flay\u0131c\u0131<\/strong><\/td>\n<td><strong>Kullan\u0131m Amac\u0131<\/strong><\/td>\n<td><strong>Kullan\u0131m S\u00fcresi<\/strong><\/td>\n<\/tr>\n<tr>\n<td><strong>PHPSESSID<\/strong><\/td>\n<td><strong>vakkoesmod.com<\/strong><\/td>\n<td>Oturum \u00e7erezleri ziyaret\u00e7ilerimizin Platform&#8217;u ziyaretleri s\u00fcresince kullan\u0131lan, taray\u0131c\u0131 kapat\u0131ld\u0131ktan sonra silinen ge\u00e7ici \u00e7erezlerdir. Hi\u00e7bir ki\u015fisel bilgi i\u00e7ermez<\/td>\n<td>taray\u0131c\u0131 kapat\u0131ld\u0131ktan sonra silinen ge\u00e7ici \u00e7erezlerdir<\/td>\n<\/tr>\n<\/tbody>\n<\/table>\n<p>&nbsp;<\/p>\n<p><strong>\u0130\u015flevsellik \u00c7erezleri<\/strong><\/p>\n<table width=\"670\">\n<tbody>\n<tr>\n<td width=\"220px\"><strong>\u00c7erez Ad\u0131<\/strong><\/td>\n<td><strong>Sa\u011flay\u0131c\u0131<\/strong><\/td>\n<td><strong>Kullan\u0131m Amac\u0131<\/strong><\/td>\n<td><strong>Kullan\u0131m S\u00fcresi<\/strong><\/td>\n<\/tr>\n<tr>\n<td><strong>wp-wpml_current_language<\/strong><\/td>\n<td><strong>vakkoesmod.com<\/strong><\/td>\n<td>\u0130nternet Sitesi \u00fczerinde dil tercihinizi hat\u0131rlamak i\u00e7in kullan\u0131lmaktad\u0131r.<\/td>\n<td>1 g\u00fcn<\/td>\n<\/tr>\n<tr>\n<td><strong>thb-thevoux-cookiebar<\/strong><\/td>\n<td><strong>vakkoesmod.com<\/strong><\/td>\n<td>Bu \u00e7erez, ziyaret\u00e7iler bir \u00e7erez bilgi bildirimi g\u00f6rd\u00fckten sonra ve baz\u0131 durumlarda yaln\u0131zca bildirimi etkin olarak kapatt\u0131klar\u0131nda ayarlan\u0131r. Web sitesinin iletiyi bir kullan\u0131c\u0131ya birden fazla kez g\u00f6stermemesini sa\u011flar.<\/td>\n<td>1 ay<\/td>\n<\/tr>\n<\/tbody>\n<\/table>\n<p><strong><u>\u0130\u015flenen<\/u><\/strong><strong><u> Ki\u015fisel Verilerin Kimlere ve Hangi Ama\u00e7la Aktar\u0131labilece\u011fi<\/u><\/strong><\/p>\n<p>Yukar\u0131da yer alan Ama\u00e7lar\u2019\u0131n yerine getirilmesi do\u011frultusunda toplanan ki\u015fisel verileriniz; me\u015fru menfaatimiz kapsam\u0131nda hizmet tedarik etti\u011fimiz dan\u0131\u015fmanlar ve bilgi teknolojisi altyap\u0131s\u0131 ile \u00e7erezlere ili\u015fkin teknik hizmet sa\u011flay\u0131c\u0131lara ve i\u015f ortaklar\u0131m\u0131za, kanunlarda a\u00e7\u0131k\u00e7a \u00f6ng\u00f6r\u00fclmesi ve hukuki y\u00fck\u00fcml\u00fcl\u00fcklerimizin yerine getirilmesi kapsam\u0131nda kanunen yetkili kamu kurumlar\u0131 ve kanunen yetkili \u00f6zel kurulu\u015flara Kanun\u2019un 5. maddesinde d\u00fczenlenen veri i\u015fleme \u015fartlar\u0131 kapsam\u0131nda Kanun\u2019un 8. maddesinde belirtilen ki\u015fisel verilerin aktar\u0131lmas\u0131na ili\u015fkin kurallara uygun olarak aktar\u0131labilecektir.<\/p>\n<p><strong><u>Ki\u015fisel Veri Toplaman\u0131n Y\u00f6ntemi <\/u><\/strong><\/p>\n<p>Ki\u015fisel verileriniz, yukar\u0131da yer verilen Ama\u00e7lar\u2019\u0131n yerine getirilmesi kapsam\u0131nda elektronik ortamda \u0130nternet Sitesi\u2019nde yer alan \u00e7erezler vas\u0131tas\u0131yla toplanmaktad\u0131r.<\/p>\n<p><strong><u>\u0130lgili Ki\u015finin Kanun\u2019un 11. Maddesinde Say\u0131lan Haklar\u0131<\/u><\/strong><\/p>\n<p>Ki\u015fisel verileriniz ile ilgili olarak Kanun\u2019un 11. maddesi uyar\u0131nca a\u015fa\u011f\u0131daki haklara sahip oldu\u011funuzu bildiririz:<\/p>\n<ul>\n<li>Ki\u015fisel verilerinizin i\u015flenip i\u015flenmedi\u011fini \u00f6\u011frenme,<\/li>\n<li>Ki\u015fisel verileriniz i\u015flenmi\u015fse buna ili\u015fkin bilgi talep etme,<\/li>\n<li>Ki\u015fisel verilerinizin i\u015flenme amac\u0131n\u0131 ve bunlar\u0131n amac\u0131na uygun kullan\u0131l\u0131p kullan\u0131lmad\u0131\u011f\u0131n\u0131 \u00f6\u011frenme,<\/li>\n<li>Yurt i\u00e7inde veya yurt d\u0131\u015f\u0131nda ki\u015fisel verilerinizin aktar\u0131ld\u0131\u011f\u0131 \u00fc\u00e7\u00fcnc\u00fc ki\u015fileri bilme,<\/li>\n<li>Ki\u015fisel verilerinizin eksik veya yanl\u0131\u015f i\u015flenmi\u015f olmas\u0131 h\u00e2linde bunlar\u0131n d\u00fczeltilmesini isteme ve bu kapsamda yap\u0131lan i\u015flemin ki\u015fisel verilerinizin aktar\u0131ld\u0131\u011f\u0131 \u00fc\u00e7\u00fcnc\u00fc ki\u015filere bildirilmesini isteme,<\/li>\n<li>Kanun ve ilgili di\u011fer kanun h\u00fck\u00fcmlerine uygun olarak i\u015flenmi\u015f olmas\u0131na ra\u011fmen, i\u015flenmesini gerektiren sebeplerin ortadan kalkmas\u0131 h\u00e2linde ki\u015fisel verilerinizin silinmesini veya yok edilmesini isteme ve bu kapsamda yap\u0131lan i\u015flemin ki\u015fisel verilerinizin aktar\u0131ld\u0131\u011f\u0131 \u00fc\u00e7\u00fcnc\u00fc ki\u015filere bildirilmesini isteme,<\/li>\n<li>\u0130\u015flenen verilerinizin m\u00fcnhas\u0131ran otomatik sistemler vas\u0131tas\u0131yla analiz edilmesi suretiyle aleyhinize bir sonucun ortaya \u00e7\u0131kmas\u0131na itiraz etme,<\/li>\n<li>Ki\u015fisel verilerinizin kanuna ayk\u0131r\u0131 olarak i\u015flenmesi sebebiyle zarara u\u011framan\u0131z h\u00e2linde zarar\u0131n giderilmesini talep etme<\/li>\n<\/ul>\n<p><strong>\u00a0<\/strong>Yukar\u0131da yer alan haklar\u0131n\u0131za ili\u015fkin taleplerinizi Vakko KVK Komitesi taraf\u0131ndan kimlik kontrol\u00fc yap\u0131lmak kayd\u0131yla \u015fahsen veya noter onayl\u0131 vek\u00e2let sunulmas\u0131 kayd\u0131yla vekaleten, noter kanal\u0131 ve g\u00fcvenli elektronik imza kullan\u0131lmak kayd\u0131yla kay\u0131tl\u0131 elektronik posta adresiniz ile Ancak, i\u015flemin ayr\u0131ca bir maliyeti gerektirmesi h\u00e2linde, \u015eirketimiz taraf\u0131ndan Ki\u015fisel Verileri Koruma Kurulunca belirlenen tarifedeki \u00fccret al\u0131nacakt\u0131r.<\/p>\n<p><strong><u>Taray\u0131c\u0131 Ayarlar\u0131ndan \u00c7erez Ayarlar\u0131 <\/u><\/strong><\/p>\n<p>Kulland\u0131\u011f\u0131n\u0131z taray\u0131c\u0131n\u0131n ayarlar\u0131 arac\u0131l\u0131\u011f\u0131yla da k\u0131smen kontrol sa\u011flayabilirsiniz. S\u0131k kullan\u0131lan taray\u0131c\u0131larda \u00e7erezlerin y\u00f6netimine ili\u015fkin bilgilere a\u015fa\u011f\u0131daki ba\u011flant\u0131lar arac\u0131l\u0131\u011f\u0131yla eri\u015febilirsiniz:<\/p>\n<p>&#8211; Google Chrome (<a href=\"https:\/\/support.google.com\/accounts\/answer\/61416?co=GENIE.Platform%3Dde sktop&amp;hl=en\" target=\"_blank\" rel=\"noopener\">https:\/\/support.google.com\/accounts\/answer\/61416?co=GENIE.Platform%3Dde sktop&amp;hl=en<\/a>)<\/p>\n<p>&#8211; Mozilla Firefox (<a href=\"https:\/\/support.mozilla.org\/en-US\/kb\/enhanced-trackingprotection-firefox-desktop?redirectslug=enable-and-disable-cookies-websitepreferences&amp;redirectlocale=en-US\" target=\"_blank\" rel=\"noopener\">https:\/\/support.mozilla.org\/en-US\/kb\/enhanced-trackingprotection-firefox-desktop?redirectslug=enable-and-disable-cookies-websitepreferences&amp;redirectlocale=en-US<\/a>)<\/p>\n<p>&#8211; Microsoft Internet Explorer (<a href=\"https:\/\/support.microsoft.com\/en-gb\/windows\/deleteand-manage-cookies-168dab11-0753-043d-7c16-ede5947fc64d\" target=\"_blank\" rel=\"noopener\">https:\/\/support.microsoft.com\/en-gb\/windows\/deleteand-manage-cookies-168dab11-0753-043d-7c16-ede5947fc64d<\/a>)<\/p>\n<p>&#8211; Safari (<a href=\"https:\/\/help.apple.com\/safari\/mac\/9.0\/#\/sfri40732\" target=\"_blank\" rel=\"noopener\">https:\/\/help.apple.com\/safari\/mac\/9.0\/#\/sfri40732<\/a>)<\/p>\n<p>&#8211; Opera (<a href=\"https:\/\/help.opera.com\/en\/latest\/web-preferences\/\" target=\"_blank\" rel=\"noopener\">https:\/\/help.opera.com\/en\/latest\/web-preferences\/<\/a>)<\/p>\n","protected":false},"excerpt":{"rendered":"<p>\u0130\u015fbu Ayd\u0131nlatma Metni, 6698 say\u0131l\u0131 Ki\u015fisel Verilerin Korunmas\u0131 Kanunu\u2019nun (\u201cKanun\u201d) 10. maddesi ile Ayd\u0131nlatma Y\u00fck\u00fcml\u00fcl\u00fc\u011f\u00fcn\u00fcn Yerine Getirilmesinde Uyulacak Usul ve Esaslar Hakk\u0131nda Tebli\u011f kapsam\u0131nda veri sorumlusu s\u0131fat\u0131yla Enternasyonel Sanat ve Moda E\u011fitim Hizmetleri Ltd. \u015eti (\u201c\u015eirket\u201d) taraf\u0131ndan haz\u0131rlanm\u0131\u015ft\u0131r. \u00c7erezler, pikseller, gifler gibi takip teknolojileri (\u201c\u00c7erezler\u201d) web siteleri ya da mobil uygulamalar gibi \u00e7evrimi\u00e7i uygulamalar\u0131 kullan\u0131m\u0131n\u0131z&hellip;<\/p>\n","protected":false},"author":1,"featured_media":0,"parent":0,"menu_order":0,"comment_status":"closed","ping_status":"closed","template":"page-default.php","meta":{"footnotes":""},"class_list":["post-824","page","type-page","status-publish","hentry"],"_links":{"self":[{"href":"https:\/\/www.vakkoesmod.com\/en\/wp-json\/wp\/v2\/pages\/824","targetHints":{"allow":["GET"]}}],"collection":[{"href":"https:\/\/www.vakkoesmod.com\/en\/wp-json\/wp\/v2\/pages"}],"about":[{"href":"https:\/\/www.vakkoesmod.com\/en\/wp-json\/wp\/v2\/types\/page"}],"author":[{"embeddable":true,"href":"https:\/\/www.vakkoesmod.com\/en\/wp-json\/wp\/v2\/users\/1"}],"replies":[{"embeddable":true,"href":"https:\/\/www.vakkoesmod.com\/en\/wp-json\/wp\/v2\/comments?post=824"}],"version-history":[{"count":0,"href":"https:\/\/www.vakkoesmod.com\/en\/wp-json\/wp\/v2\/pages\/824\/revisions"}],"wp:attachment":[{"href":"https:\/\/www.vakkoesmod.com\/en\/wp-json\/wp\/v2\/media?parent=824"}],"curies":[{"name":"wp","href":"https:\/\/api.w.org\/{rel}","templated":true}]}}