{"id":752,"date":"2019-05-15T15:36:35","date_gmt":"2019-05-15T12:36:35","guid":{"rendered":"https:\/\/www.vakkoesmod.com\/?page_id=752"},"modified":"2020-09-24T13:12:02","modified_gmt":"2020-09-24T10:12:02","slug":"online-certificate","status":"publish","type":"page","link":"https:\/\/www.vakkoesmod.com\/en\/programs\/online-certificate\/","title":{"rendered":"Online Certificate"},"content":{"rendered":"[vc_row el_class=&#8221;programs-text&#8221;][vc_column width=&#8221;1\/6&#8243;][\/vc_column][vc_column width=&#8221;2\/3&#8243;][vc_column_text]\n<h5 style=\"text-align: center;\"><em>Vakko ESMOD moda d\u00fcnyas\u0131n\u0131 ke\u015ffedin!<br \/>\nSekt\u00f6r profesyonelleri taraf\u0131ndan y\u00fcr\u00fct\u00fclen y\u00fcksek standartlarda<br \/>\ngeni\u015f bir e\u011fitim program\u0131 yelpazesi sunuyoruz.<\/em><\/h5>\n[\/vc_column_text][\/vc_column][vc_column width=&#8221;1\/6&#8243;][\/vc_column][\/vc_row][vc_row content_placement=&#8221;middle&#8221; el_class=&#8221;row align-center&#8221; css=&#8221;.vc_custom_1558947118908{background-color: #ffffff !important;}&#8221;][vc_column]<aside class=\"gap cf\" style=\"height:40px;\"><\/aside>[vc_text_separator title=&#8221;Online Certificate&#8221; title_align=&#8221;separator_align_left&#8221;][\/vc_column][\/vc_row][vc_row content_placement=&#8221;middle&#8221; el_class=&#8221;row align-center row-apply-now&#8221;][vc_column el_class=&#8221;text-center&#8221; el_id=&#8221;text-center&#8221;]<aside class=\"gap cf\" style=\"height:40px;\"><\/aside>[vc_btn title=&#8221;BA\u015eVUR&#8221; style=&#8221;flat&#8221; shape=&#8221;square&#8221; size=&#8221;lg&#8221; align=&#8221;center&#8221; i_icon_fontawesome=&#8221;fa fa-check&#8221; css_animation=&#8221;fadeInUp&#8221; add_icon=&#8221;true&#8221; link=&#8221;url:https%3A%2F%2Fwww.vakkoesmod.com%2Fbasvuru%2F|title:Ba%C5%9Fvuru||&#8221; el_class=&#8221;button-primary-container&#8221;][vc_btn title=&#8221;PROGRAM BRO\u015e\u00dcR\u00dc&#8221; style=&#8221;flat&#8221; shape=&#8221;square&#8221; size=&#8221;lg&#8221; align=&#8221;center&#8221; i_icon_fontawesome=&#8221;fa fa-file-pdf-o&#8221; css_animation=&#8221;fadeInUp&#8221; add_icon=&#8221;true&#8221; link=&#8221;url:https%3A%2F%2Fwww.vakkoesmod.com%2Fassets%2Fvakko-esmod-program-brosur.pdf|title:Bro%C5%9F%C3%BCr|target:%20_blank|&#8221; el_class=&#8221;button-secondary-container&#8221;][\/vc_column][\/vc_row][vc_row content_placement=&#8221;middle&#8221; disable_element=&#8221;yes&#8221; el_class=&#8221;row align-center&#8221; css=&#8221;.vc_custom_1558955635128{background-color: #ffffff !important;}&#8221;][vc_column][vc_text_separator title=&#8221;At\u00f6lyeler&#8221; title_align=&#8221;separator_align_left&#8221;][vc_text_separator title=&#8221;Kurumsal E\u011fitim&#8221; title_align=&#8221;separator_align_left&#8221;]\t\t\t\t<div class=\"slick  outset-nav  mini-columns   post-carousel post-carousel-style3 center-arrows \" data-center=\"\" data-columns=\"3\" data-pagination=\"false\" data-navigation=\"true\" data-autoplay=\"\" data-autoplay-speed=\"4000\">\n\t\t\t\t\t\t\t\t\t\t\t\t<div class=\"columns\">\n\t\t\t\t\t\t<article class=\"post featured-style5 post-755 page type-page status-publish has-post-thumbnail hentry\" itemscope itemtype=\"http:\/\/schema.org\/Article\">\n\t<figure class=\"post-gallery\">\n\t\t<a href=\"https:\/\/www.vakkoesmod.com\/en\/programs\/corporate-education\/\" title=\"Corporate Education\"><img loading=\"lazy\" decoding=\"async\" width=\"740\" height=\"560\" src=\"https:\/\/www.vakkoesmod.com\/wp-content\/uploads\/2019\/07\/kurumsal-egitim-atakule-1-20x15.jpg\" class=\"attachment-thevoux-style1-2x size-thevoux-style1-2x thb-lazyload lazyload wp-post-image\" alt=\"\" sizes=\"auto, (max-width: 740px) 100vw, 740px\" data-src=\"https:\/\/www.vakkoesmod.com\/wp-content\/uploads\/2019\/07\/kurumsal-egitim-atakule-1-740x560.jpg\" data-sizes=\"auto\" data-srcset=\"https:\/\/www.vakkoesmod.com\/wp-content\/uploads\/2019\/07\/kurumsal-egitim-atakule-1-740x560.jpg 740w, https:\/\/www.vakkoesmod.com\/wp-content\/uploads\/2019\/07\/kurumsal-egitim-atakule-1-370x280.jpg 370w, https:\/\/www.vakkoesmod.com\/wp-content\/uploads\/2019\/07\/kurumsal-egitim-atakule-1-20x15.jpg 20w\" \/><\/a>\n\t<\/figure>\n\t<div class=\"post-title\"><h5 itemprop=\"headline\"><a href=\"https:\/\/www.vakkoesmod.com\/en\/programs\/corporate-education\/\" title=\"Corporate Education\">Corporate Education<\/a><\/h5><\/div>\t\t<aside class=\"post-bottom-meta hide\">\n\t\t<meta itemprop=\"mainEntityOfPage\" content=\"https:\/\/www.vakkoesmod.com\/en\/programs\/corporate-education\/\">\n\t\t<span class=\"vcard author\" itemprop=\"author\" content=\"Ecrin Karamehmet\">\n\t\t\t<span class=\"fn\">Ecrin Karamehmet<\/span>\n\t\t<\/span>\n\t\t<time class=\"time publised entry-date\" datetime=\"2019-05-15T15:37:12+03:00\" itemprop=\"datePublished\" content=\"2019-05-15T15:37:12+03:00\">15 May 2019<\/time>\n\t\t<meta itemprop=\"dateModified\" class=\"updated\" content=\"2019-08-13T23:51:20+03:00\">\n\t\t<span itemprop=\"publisher\" itemscope itemtype=\"https:\/\/schema.org\/Organization\">\n\t\t\t<meta itemprop=\"name\" content=\"Vakko ESMOD\">\n\t\t\t<span itemprop=\"logo\" itemscope itemtype=\"https:\/\/schema.org\/ImageObject\">\n\t\t\t\t<meta itemprop=\"url\" content=\"https:\/\/www.vakkoesmod.com\/wp-content\/themes\/thevoux-wp\/assets\/img\/logo.png\">\n\t\t\t<\/span>\n\t\t<\/span>\n\t\t\t\t\t<span itemprop=\"image\" itemscope itemtype=\"http:\/\/schema.org\/ImageObject\">\n\t\t\t\t<meta itemprop=\"url\" content=\"https:\/\/www.vakkoesmod.com\/wp-content\/uploads\/2019\/07\/kurumsal-egitim-atakule-1.jpg\">\n\t\t\t\t<meta itemprop=\"width\" content=\"1500\" \/>\n\t\t\t\t<meta itemprop=\"height\" content=\"835\" \/>\n\t\t\t<\/span>\n\t\t\t<\/aside>\n\t<\/article>\n\t\t\t\t\t<\/div>\n\t\t\t\t\t\t\t\t\t<\/div>\n\t\t[\/vc_column][\/vc_row]\n","protected":false},"excerpt":{"rendered":"<p>[vc_row el_class=&#8221;programs-text&#8221;][vc_column width=&#8221;1\/6&#8243;][\/vc_column][vc_column width=&#8221;2\/3&#8243;][vc_column_text] Vakko ESMOD moda d\u00fcnyas\u0131n\u0131 ke\u015ffedin! Sekt\u00f6r profesyonelleri taraf\u0131ndan y\u00fcr\u00fct\u00fclen y\u00fcksek standartlarda geni\u015f bir e\u011fitim program\u0131 yelpazesi sunuyoruz. [\/vc_column_text][\/vc_column][vc_column width=&#8221;1\/6&#8243;][\/vc_column][\/vc_row][vc_row content_placement=&#8221;middle&#8221; el_class=&#8221;row align-center&#8221; css=&#8221;.vc_custom_1558947118908{background-color: #ffffff !important;}&#8221;][vc_column][vc_text_separator title=&#8221;Online Certificate&#8221; title_align=&#8221;separator_align_left&#8221;][\/vc_column][\/vc_row][vc_row content_placement=&#8221;middle&#8221; el_class=&#8221;row align-center row-apply-now&#8221;][vc_column el_class=&#8221;text-center&#8221; el_id=&#8221;text-center&#8221;][vc_btn title=&#8221;BA\u015eVUR&#8221; style=&#8221;flat&#8221; shape=&#8221;square&#8221; size=&#8221;lg&#8221; align=&#8221;center&#8221; i_icon_fontawesome=&#8221;fa fa-check&#8221; css_animation=&#8221;fadeInUp&#8221; add_icon=&#8221;true&#8221; link=&#8221;url:https%3A%2F%2Fwww.vakkoesmod.com%2Fbasvuru%2F|title:Ba%C5%9Fvuru||&#8221; el_class=&#8221;button-primary-container&#8221;][vc_btn title=&#8221;PROGRAM BRO\u015e\u00dcR\u00dc&#8221; style=&#8221;flat&#8221; shape=&#8221;square&#8221; size=&#8221;lg&#8221; align=&#8221;center&#8221;&hellip;<\/p>\n","protected":false},"author":1,"featured_media":804,"parent":741,"menu_order":2,"comment_status":"closed","ping_status":"closed","template":"page-full.php","meta":{"footnotes":""},"class_list":["post-752","page","type-page","status-publish","has-post-thumbnail","hentry"],"_links":{"self":[{"href":"https:\/\/www.vakkoesmod.com\/en\/wp-json\/wp\/v2\/pages\/752","targetHints":{"allow":["GET"]}}],"collection":[{"href":"https:\/\/www.vakkoesmod.com\/en\/wp-json\/wp\/v2\/pages"}],"about":[{"href":"https:\/\/www.vakkoesmod.com\/en\/wp-json\/wp\/v2\/types\/page"}],"author":[{"embeddable":true,"href":"https:\/\/www.vakkoesmod.com\/en\/wp-json\/wp\/v2\/users\/1"}],"replies":[{"embeddable":true,"href":"https:\/\/www.vakkoesmod.com\/en\/wp-json\/wp\/v2\/comments?post=752"}],"version-history":[{"count":0,"href":"https:\/\/www.vakkoesmod.com\/en\/wp-json\/wp\/v2\/pages\/752\/revisions"}],"up":[{"embeddable":true,"href":"https:\/\/www.vakkoesmod.com\/en\/wp-json\/wp\/v2\/pages\/741"}],"wp:featuredmedia":[{"embeddable":true,"href":"https:\/\/www.vakkoesmod.com\/en\/wp-json\/wp\/v2\/media\/804"}],"wp:attachment":[{"href":"https:\/\/www.vakkoesmod.com\/en\/wp-json\/wp\/v2\/media?parent=752"}],"curies":[{"name":"wp","href":"https:\/\/api.w.org\/{rel}","templated":true}]}}