{"id":746,"date":"2019-05-15T15:34:15","date_gmt":"2019-05-15T12:34:15","guid":{"rendered":"https:\/\/www.vakkoesmod.com\/?page_id=746"},"modified":"2025-08-18T00:57:58","modified_gmt":"2025-08-17T21:57:58","slug":"open-days","status":"publish","type":"page","link":"https:\/\/www.vakkoesmod.com\/en\/programs\/long-term-programs\/open-days\/","title":{"rendered":"Open Day"},"content":{"rendered":"[vc_row][vc_column][vc_column_text]\n<h4 style=\"text-align: center;\">\u201cFashion Design and Creation Program\u201d<\/h4>\n<h4 style=\"text-align: center;\">You can take an apointment to visit our Academy located in Akaretler<\/h4>\n<h5 style=\"text-align: center;\">bilgi@vakkoesmod.com or + 90 549 836 0121<\/h5>\n<h5 style=\"text-align: center;\"><\/h5>\n<p style=\"text-align: center;\"><div id=\"kgvid_kgvid_0_wrapper\" class=\"kgvid_wrapper\">\n\t\t\t<div id=\"video_kgvid_0_div\" class=\"fitvidsignore kgvid_videodiv\" data-id=\"kgvid_0\" data-kgvid_video_vars=\"{&quot;id&quot;:&quot;kgvid_0&quot;,&quot;attachment_id&quot;:&quot;12148&quot;,&quot;player_type&quot;:&quot;WordPress Default&quot;,&quot;width&quot;:&quot;640&quot;,&quot;height&quot;:&quot;360&quot;,&quot;fullwidth&quot;:&quot;true&quot;,&quot;countable&quot;:true,&quot;count_views&quot;:&quot;start_complete&quot;,&quot;start&quot;:&quot;&quot;,&quot;autoplay&quot;:&quot;false&quot;,&quot;pauseothervideos&quot;:&quot;true&quot;,&quot;set_volume&quot;:&quot;1&quot;,&quot;muted&quot;:&quot;false&quot;,&quot;meta&quot;:false,&quot;endofvideooverlay&quot;:&quot;&quot;,&quot;resize&quot;:&quot;true&quot;,&quot;auto_res&quot;:&quot;automatic&quot;,&quot;pixel_ratio&quot;:&quot;true&quot;,&quot;right_click&quot;:&quot;on&quot;,&quot;playback_rate&quot;:&quot;false&quot;,&quot;title&quot;:&quot;Vakko Esmod Tan\\u0131t\\u0131m G\\u00fcn\\u00fc&quot;}\" itemprop=\"video\" itemscope itemtype=\"https:\/\/schema.org\/VideoObject\"><meta itemprop=\"embedUrl\" content=\"https:\/\/www.vakkoesmod.com\/?attachment_id=12148&amp;kgvid_video_embed[enable]=true\" \/><meta itemprop=\"contentUrl\" content=\"https:\/\/www.vakkoesmod.com\/wp-content\/uploads\/2024\/08\/Vakko-Esmod-Tanitim-Gunu.mp4\" \/><meta itemprop=\"name\" content=\"Vakko Esmod Tan\u0131t\u0131m G\u00fcn\u00fc\" \/><meta itemprop=\"description\" content=\"Video\" \/><meta itemprop=\"uploadDate\" content=\"2024-08-18T19:25:14+03:00\" \/><div style=\"width: 640px;\" class=\"wp-video\"><video class=\"wp-video-shortcode\" id=\"video-746-1\" width=\"640\" height=\"360\" preload=\"metadata\" controls=\"controls\"><source type=\"video\/mp4\" src=\"https:\/\/www.vakkoesmod.com\/wp-content\/uploads\/2024\/08\/Vakko-Esmod-Tanitim-Gunu.mp4?_=1\" \/><\/video><\/div>\t\t\t<\/div>\n\t\t<\/div>\n[\/vc_column_text]<aside class=\"gap cf\" style=\"height:10px;\"><\/aside>[vc_column_text][\/vc_column_text]<aside class=\"gap cf\" style=\"height:30px;\"><\/aside>[vc_btn title=&#8221;PROGRAM BROCHURE&#8221; style=&#8221;flat&#8221; shape=&#8221;square&#8221; align=&#8221;center&#8221; i_icon_fontawesome=&#8221;&#8221; css_animation=&#8221;fadeInUp&#8221; add_icon=&#8221;true&#8221; link=&#8221;url:https%3A%2F%2Fwww.yumpu.com%2Ftr%2Fdocument%2Fread%2F63167669%2Fvakko-esmod-moda-tasarm-ve-yaratm-lisans-egitimi-katalog|title:Brochure|target:%20_blank|&#8221; el_class=&#8221;button-secondary-container&#8221; el_id=&#8221;brosurButton&#8221;][\/vc_column][\/vc_row]\n","protected":false},"excerpt":{"rendered":"<p>[vc_row][vc_column][vc_column_text] \u201cFashion Design and Creation Program\u201d You can take an apointment to visit our Academy located in Akaretler bilgi@vakkoesmod.com or + 90 549 836 0121 [\/vc_column_text][vc_column_text][\/vc_column_text][vc_btn title=&#8221;PROGRAM BROCHURE&#8221; style=&#8221;flat&#8221; shape=&#8221;square&#8221; align=&#8221;center&#8221; i_icon_fontawesome=&#8221;&#8221; css_animation=&#8221;fadeInUp&#8221; add_icon=&#8221;true&#8221; link=&#8221;url:https%3A%2F%2Fwww.yumpu.com%2Ftr%2Fdocument%2Fread%2F63167669%2Fvakko-esmod-moda-tasarm-ve-yaratm-lisans-egitimi-katalog|title:Brochure|target:%20_blank|&#8221; el_class=&#8221;button-secondary-container&#8221; el_id=&#8221;brosurButton&#8221;][\/vc_column][\/vc_row]<\/p>\n","protected":false},"author":1,"featured_media":3056,"parent":742,"menu_order":1,"comment_status":"closed","ping_status":"closed","template":"page-full.php","meta":{"footnotes":""},"class_list":["post-746","page","type-page","status-publish","has-post-thumbnail","hentry"],"_links":{"self":[{"href":"https:\/\/www.vakkoesmod.com\/en\/wp-json\/wp\/v2\/pages\/746","targetHints":{"allow":["GET"]}}],"collection":[{"href":"https:\/\/www.vakkoesmod.com\/en\/wp-json\/wp\/v2\/pages"}],"about":[{"href":"https:\/\/www.vakkoesmod.com\/en\/wp-json\/wp\/v2\/types\/page"}],"author":[{"embeddable":true,"href":"https:\/\/www.vakkoesmod.com\/en\/wp-json\/wp\/v2\/users\/1"}],"replies":[{"embeddable":true,"href":"https:\/\/www.vakkoesmod.com\/en\/wp-json\/wp\/v2\/comments?post=746"}],"version-history":[{"count":0,"href":"https:\/\/www.vakkoesmod.com\/en\/wp-json\/wp\/v2\/pages\/746\/revisions"}],"up":[{"embeddable":true,"href":"https:\/\/www.vakkoesmod.com\/en\/wp-json\/wp\/v2\/pages\/742"}],"wp:featuredmedia":[{"embeddable":true,"href":"https:\/\/www.vakkoesmod.com\/en\/wp-json\/wp\/v2\/media\/3056"}],"wp:attachment":[{"href":"https:\/\/www.vakkoesmod.com\/en\/wp-json\/wp\/v2\/media?parent=746"}],"curies":[{"name":"wp","href":"https:\/\/api.w.org\/{rel}","templated":true}]}}