{"id":729,"date":"2019-05-15T14:39:35","date_gmt":"2019-05-15T11:39:35","guid":{"rendered":"https:\/\/www.vakkoesmod.com\/?page_id=729"},"modified":"2019-08-08T03:31:29","modified_gmt":"2019-08-08T00:31:29","slug":"contact","status":"publish","type":"page","link":"https:\/\/www.vakkoesmod.com\/en\/contact\/","title":{"rendered":"Contact"},"content":{"rendered":"[vc_row column_padding=&#8221;false&#8221; full_width_row=&#8221;true&#8221; equal_height=&#8221;&#8221; vertical_center=&#8221;&#8221; enable_parallax=&#8221;&#8221; parallax_speed=&#8221;0.5&#8243; mouse_scroll=&#8221;&#8221;][vc_column]\t<div class=\"contact_map\n\t\" style=\"height:50vh\" data-map-style=\"\" data-map-zoom=\"17\" data-map-type=\"roadmap\" data-pan-control=\"1\" data-zoom-control=\"1\" data-maptype-control=\"\" data-scale-control=\"\" data-streetview-control=\"\">\n\t\t\t\t\t\n\t<input class=\"thb-location\" type=\"hidden\" data-option=\"{&quot;marker_image&quot;:&quot;https:\\\/\\\/www.vakkoesmod.com\\\/wp-content\\\/themes\\\/thevoux-wp\\\/assets\\\/img\\\/pin.png&quot;,&quot;marker_title&quot;:&quot;Vakko ESMOD&quot;,&quot;marker_description&quot;:&quot;Vi\\u015fnezade Mah. S\\u00fcleyman Seba Cad. Akaretler S\\u0131raevleri No:53 34357 Be\\u015fikta\\u015f\\\/\\u0130stanbul&quot;,&quot;marker_size&quot;:[54,74],&quot;retina_marker&quot;:&quot;1&quot;,&quot;latitude&quot;:&quot;41.042179044614564&quot;,&quot;longitude&quot;:&quot;29.00112748146057&quot;}\" \/>\n\n\t\t\t\t<\/div>\n\t[\/vc_column][\/vc_row][vc_row css=&#8221;.vc_custom_1430856317055{margin-bottom: 60px !important;}&#8221; equal_height=&#8221;&#8221; vertical_center=&#8221;&#8221; enable_parallax=&#8221;&#8221; parallax_speed=&#8221;0.5&#8243; mouse_scroll=&#8221;&#8221;][vc_column width=&#8221;7\/12&#8243; css=&#8221;.vc_custom_1481315785154{padding-top: 30px !important;padding-right: 30px !important;padding-bottom: 30px !important;padding-left: 30px !important;background-color: #ffffff !important;}&#8221; full_height=&#8221;&#8221; enable_parallax=&#8221;&#8221; parallax_speed=&#8221;0.5&#8243; el_class=&#8221;up-column&#8221;][vc_column_text]\n<h1>Reach <em>us!<\/em><\/h1>\n[\/vc_column_text]<aside class=\"gap cf\" style=\"height:50px;\"><\/aside>[vc_column_text]\n<h4><strong>Address<\/strong><\/h4>\n<p>Vi\u015fnezade Mah. S\u00fcleyman Seba Cad. Akaretler S\u0131raevleri No:53 34357<br \/>\nBe\u015fikta\u015f\/\u0130stanbul<\/p>\n<p><a class=\"vc_general vc_btn3 vc_btn3-size-sm vc_btn3-shape-square vc_btn3-style-flat vc_btn3-icon-left vc_btn3-color-grey\" style=\"margin: 10px;\" title=\"Tel\" href=\"tel:02124820404\"><i class=\"vc_btn3-icon fa fa-phone\"><\/i>PHONE: 0212 249 20 54<\/a> <a class=\"vc_general vc_btn3 vc_btn3-size-sm vc_btn3-shape-square vc_btn3-style-flat vc_btn3-icon-left vc_btn3-color-grey\" style=\"margin: 10px;\" title=\"E-posta\" href=\"#\"><i class=\"vc_btn3-icon fa fa-at\"><\/i>bilgi@vakkoesmod.com<\/a>[\/vc_column_text]<aside class=\"gap cf\" style=\"height:30px;\"><\/aside>[vc_column_text]\n<h4><strong>Contact Form<\/strong><\/h4>\n<div role=\"form\" class=\"wpcf7\" id=\"wpcf7-f3840-o1\" lang=\"tr-TR\" dir=\"ltr\">\n<div class=\"screen-reader-response\"><p role=\"status\" aria-live=\"polite\" aria-atomic=\"true\"><\/p> <ul><\/ul><\/div>\n<form action=\"\/en\/wp-json\/wp\/v2\/pages\/729#wpcf7-f3840-o1\" method=\"post\" class=\"wpcf7-form init\" novalidate=\"novalidate\" data-status=\"init\">\n<div style=\"display: none;\">\n<input type=\"hidden\" name=\"_wpcf7\" value=\"3840\" \/>\n<input type=\"hidden\" name=\"_wpcf7_version\" value=\"5.4\" \/>\n<input type=\"hidden\" name=\"_wpcf7_locale\" value=\"tr_TR\" \/>\n<input type=\"hidden\" name=\"_wpcf7_unit_tag\" value=\"wpcf7-f3840-o1\" \/>\n<input type=\"hidden\" name=\"_wpcf7_container_post\" value=\"0\" \/>\n<input type=\"hidden\" name=\"_wpcf7_posted_data_hash\" value=\"\" \/>\n<input type=\"hidden\" name=\"_wpcf7_recaptcha_response\" value=\"\" \/>\n<\/div>\n<p><label> Name Surname<br \/>\n    <span class=\"wpcf7-form-control-wrap your-name\"><input type=\"text\" name=\"your-name\" value=\"\" size=\"40\" class=\"wpcf7-form-control wpcf7-text wpcf7-validates-as-required\" aria-required=\"true\" aria-invalid=\"false\" \/><\/span> <\/label><\/p>\n<p><label> E-mail Address<br \/>\n    <span class=\"wpcf7-form-control-wrap your-email\"><input type=\"email\" name=\"your-email\" value=\"\" size=\"40\" class=\"wpcf7-form-control wpcf7-text wpcf7-email wpcf7-validates-as-required wpcf7-validates-as-email\" aria-required=\"true\" aria-invalid=\"false\" \/><\/span> <\/label><\/p>\n<p><label> Your Message<br \/>\n    <span class=\"wpcf7-form-control-wrap your-message\"><textarea name=\"your-message\" cols=\"40\" rows=\"10\" class=\"wpcf7-form-control wpcf7-textarea wpcf7-validates-as-required\" aria-required=\"true\" aria-invalid=\"false\"><\/textarea><\/span> <\/label><\/p>\n<p><input type=\"submit\" value=\"Send\" class=\"wpcf7-form-control wpcf7-submit\" \/><\/p>\n<div class=\"wpcf7-response-output\" aria-hidden=\"true\"><\/div><\/form><\/div>[\/vc_column_text][\/vc_column][vc_column width=&#8221;5\/12&#8243; el_class=&#8221;text-center&#8221; full_height=&#8221;&#8221; enable_parallax=&#8221;&#8221; parallax_speed=&#8221;0.5&#8243;][vc_empty_space mobile_height=&#8221;0px&#8221; height=&#8221;160px&#8221;]\t<div class=\"category_container style1\">\n\t\t<div class=\"inner\">\n\t\t\t[vc_column_text]\n<h4 style=\"text-align: center;\"><strong>Follow us<\/strong><\/h4>\n<p style=\"text-align: center;\">Follow on social media accounts<br \/>\nto get latest news.<\/p>\n[\/vc_column_text]<aside class=\"gap cf\" style=\"height:30px;\"><\/aside>[vc_raw_html]JTNDZGl2JTIwY2xhc3MlM0QlMjJzb2NpYWwtc2VjdGlvbiUyMiUzRSUzQ2ElMjBocmVmJTNEJTIyaHR0cHMlM0ElMkYlMkZ3d3cuZmFjZWJvb2suY29tJTJGdmFra29lc21vZGlzdGFuYnVsJTIyJTIwY2xhc3MlM0QlMjJmYWNlYm9vayUyMGljb24tMXglMjBzb2NpYWwlMjIlMjB0YXJnZXQlM0QlMjJfYmxhbmslMjIlM0UlM0NpJTIwY2xhc3MlM0QlMjJmYSUyMGZhLWZhY2Vib29rJTIyJTNFJTNDJTJGaSUzRSUzQyUyRmElM0UlMEElM0NhJTIwaHJlZiUzRCUyMmh0dHBzJTNBJTJGJTJGd3d3Lmluc3RhZ3JhbS5jb20lMkZ2YWtrb2VzbW9kaXN0YW5idWwlMkYlMjIlMjBjbGFzcyUzRCUyMmluc3RhZ3JhbSUyMGljb24tMXglMjBzb2NpYWwlMjIlMjB0YXJnZXQlM0QlMjJfYmxhbmslMjIlM0UlM0NpJTIwY2xhc3MlM0QlMjJmYSUyMGZhLWluc3RhZ3JhbSUyMiUzRSUzQyUyRmklM0UlM0MlMkZhJTNFJTBBJTNDYSUyMGhyZWYlM0QlMjJodHRwcyUzQSUyRiUyRnR3aXR0ZXIuY29tJTJGdmFra29fZXNtb2QlMjIlMjBjbGFzcyUzRCUyMnR3aXR0ZXIlMjBpY29uLTF4JTIwc29jaWFsJTIyJTIwdGFyZ2V0JTNEJTIyX2JsYW5rJTIyJTNFJTNDaSUyMGNsYXNzJTNEJTIyZmElMjBmYS10d2l0dGVyJTIyJTNFJTNDJTJGaSUzRSUzQyUyRmElM0UlMEElM0NhJTIwaHJlZiUzRCUyMmh0dHBzJTNBJTJGJTJGdHIucGludGVyZXN0LmNvbSUyRnZha2tvZXNtb2QlMkYlMjIlMjBjbGFzcyUzRCUyMnBpbnRlcmVzdCUyMGljb24tMXglMjBzb2NpYWwlMjIlMjB0YXJnZXQlM0QlMjJfYmxhbmslMjIlM0UlM0NpJTIwY2xhc3MlM0QlMjJmYSUyMGZhLXBpbnRlcmVzdCUyMiUzRSUzQyUyRmklM0UlM0MlMkZhJTNFJTBBJTNDYSUyMGhyZWYlM0QlMjJodHRwcyUzQSUyRiUyRnd3dy55b3V0dWJlLmNvbSUyRmNoYW5uZWwlMkZVQy0yOUFwRFdPeGNCOUJ1aDduWlZCdEElMjIlMjBjbGFzcyUzRCUyMnlvdXR1YmUlMjBpY29uLTF4JTIwc29jaWFsJTIyJTIwdGFyZ2V0JTNEJTIyX2JsYW5rJTIyJTNFJTNDaSUyMGNsYXNzJTNEJTIyZmElMjBmYS15b3V0dWJlLXBsYXklMjIlM0UlM0MlMkZpJTNFJTNDJTJGYSUzRSUwQSUzQ2ElMjBocmVmJTNEJTIyaHR0cHMlM0ElMkYlMkZ0ci5saW5rZWRpbi5jb20lMkZzY2hvb2wlMkZlc21vZC1pc3RhbmJ1bCUyRiUyMiUyMGNsYXNzJTNEJTIybGlua2VkaW4lMjBpY29uLTF4JTIwc29jaWFsJTIyJTIwdGFyZ2V0JTNEJTIyX2JsYW5rJTIyJTNFJTNDaSUyMGNsYXNzJTNEJTIyZmElMjBmYS1saW5rZWRpbiUyMiUzRSUzQyUyRmklM0UlM0MlMkZhJTNFJTNDJTJGZGl2JTNF[\/vc_raw_html]\t\t<\/div>\n\t<\/div>\n\n\t[\/vc_column][\/vc_row]\n","protected":false},"excerpt":{"rendered":"<p>[vc_row column_padding=&#8221;false&#8221; full_width_row=&#8221;true&#8221; equal_height=&#8221;&#8221; vertical_center=&#8221;&#8221; enable_parallax=&#8221;&#8221; parallax_speed=&#8221;0.5&#8243; mouse_scroll=&#8221;&#8221;][vc_column][\/vc_column][\/vc_row][vc_row css=&#8221;.vc_custom_1430856317055{margin-bottom: 60px !important;}&#8221; equal_height=&#8221;&#8221; vertical_center=&#8221;&#8221; enable_parallax=&#8221;&#8221; parallax_speed=&#8221;0.5&#8243; mouse_scroll=&#8221;&#8221;][vc_column width=&#8221;7\/12&#8243; css=&#8221;.vc_custom_1481315785154{padding-top: 30px !important;padding-right: 30px !important;padding-bottom: 30px !important;padding-left: 30px !important;background-color: #ffffff !important;}&#8221; full_height=&#8221;&#8221; enable_parallax=&#8221;&#8221; parallax_speed=&#8221;0.5&#8243; el_class=&#8221;up-column&#8221;][vc_column_text] Reach us! [\/vc_column_text][vc_column_text] Address Vi\u015fnezade Mah. S\u00fcleyman Seba Cad. Akaretler S\u0131raevleri No:53 34357 Be\u015fikta\u015f\/\u0130stanbul PHONE: 0212 249 20 54 bilgi@vakkoesmod.com[\/vc_column_text][vc_column_text] Contact Form [\/vc_column_text][\/vc_column][vc_column&hellip;<\/p>\n","protected":false},"author":1,"featured_media":0,"parent":0,"menu_order":0,"comment_status":"closed","ping_status":"closed","template":"","meta":{"footnotes":""},"class_list":["post-729","page","type-page","status-publish","hentry"],"_links":{"self":[{"href":"https:\/\/www.vakkoesmod.com\/en\/wp-json\/wp\/v2\/pages\/729","targetHints":{"allow":["GET"]}}],"collection":[{"href":"https:\/\/www.vakkoesmod.com\/en\/wp-json\/wp\/v2\/pages"}],"about":[{"href":"https:\/\/www.vakkoesmod.com\/en\/wp-json\/wp\/v2\/types\/page"}],"author":[{"embeddable":true,"href":"https:\/\/www.vakkoesmod.com\/en\/wp-json\/wp\/v2\/users\/1"}],"replies":[{"embeddable":true,"href":"https:\/\/www.vakkoesmod.com\/en\/wp-json\/wp\/v2\/comments?post=729"}],"version-history":[{"count":0,"href":"https:\/\/www.vakkoesmod.com\/en\/wp-json\/wp\/v2\/pages\/729\/revisions"}],"wp:attachment":[{"href":"https:\/\/www.vakkoesmod.com\/en\/wp-json\/wp\/v2\/media?parent=729"}],"curies":[{"name":"wp","href":"https:\/\/api.w.org\/{rel}","templated":true}]}}