{"id":4822,"date":"2020-10-13T02:20:03","date_gmt":"2020-10-12T23:20:03","guid":{"rendered":"https:\/\/www.vakkoesmod.com\/?page_id=4822"},"modified":"2021-02-12T11:51:43","modified_gmt":"2021-02-12T08:51:43","slug":"esmods-formation-intensive-program-fashion-design","status":"publish","type":"page","link":"https:\/\/www.vakkoesmod.com\/en\/programs\/short-term-programs\/esmods-formation-intensive-program-fashion-design\/","title":{"rendered":"ESMOD&#8217;s Formation Intensive Program &#8211; Fashion Design &#8211; Online"},"content":{"rendered":"[vc_row][vc_column width=&#8221;1\/4&#8243;][vc_column_text]\n<p style=\"text-align: center;\"><i class=\"fa fa-program-detail fa-hourglass-half\"><\/i><br \/>\n<strong>Duration<\/strong><br \/>\n9 Months<br \/>\n36 Weeks<\/p>\n[\/vc_column_text][vc_empty_space mobile_height=&#8221;20px&#8221; height=&#8221;0px&#8221;][\/vc_column][vc_column width=&#8221;1\/4&#8243;][vc_column_text]\n<p style=\"text-align: center;\"><i class=\"fa fa-program-detail fa-clock-o\"><\/i><br \/>\n<strong>Schedule<\/strong><br \/>\nEvery Friday<br \/>\n10:00 &#8211; 17:00<\/p>\n[\/vc_column_text][vc_empty_space mobile_height=&#8221;20px&#8221; height=&#8221;0px&#8221;][\/vc_column][vc_column width=&#8221;1\/4&#8243;][vc_column_text]\n<p style=\"text-align: center;\"><i class=\"fa fa-program-detail fa-hashtag\"><\/i><br \/>\n<strong>Program Fee<\/strong><br \/>\n16.000 TL<\/p>\n[\/vc_column_text][vc_empty_space mobile_height=&#8221;20px&#8221; height=&#8221;0px&#8221;][\/vc_column][vc_column width=&#8221;1\/4&#8243;][vc_column_text]\n<p style=\"text-align: center;\"><i class=\"fa fa-program-detail fa-calendar\"><\/i><br \/>\n<strong>Starting \/ Ending Date<\/strong><br \/>\n<span class=\"course-highlight\">May 2021<\/span><br \/>\nDecember 2021<\/p>\n[\/vc_column_text][\/vc_column][\/vc_row][vc_row][vc_column][vc_column_text]\n<hr \/>\n<p style=\"text-align: center;\"><strong>204 hours of Fashion Design + 12 hours of Photoshop &amp; Illustrator<\/strong><br \/>\n<strong>216 Hours, 9 Months, 36 Weeks<\/strong><\/p>\n[\/vc_column_text]<aside class=\"gap cf\" style=\"height:50px;\"><\/aside>[vc_column_text]\n<h3>About the Program<\/h3>\n[\/vc_column_text][vc_row_inner][vc_column_inner width=&#8221;5\/12&#8243;][vc_column_text]\n<p style=\"text-align: justify;\">The curriculum of this accelerated nine month program is planned by Esmod Paris and has international recognition. It is a preparatory program to the Esmod Fashion Design and Creation Diploma program and concentrates on Fashion Design and Pattern making. Participants will create <strong>skirt, shirt, dress, pants, trenchcoat, jacket and tailoredwear<\/strong> models in Pattern making using flat pattern &amp; draping techniques together with professional sewing techniques. Moreover participants will learn how to create illustrations and flat drawings in Fashion Design, learning how to use Photoshop program for flat drawings.<\/p>\n<p style=\"text-align: justify;\">Both of the instructors in Fashion Design and Pattern making are experienced international Esmod graduates who have been in the industry for many years.<\/p>\n<p style=\"text-align: justify;\">In addition to the vakko esmod certificate, participants will receive fashion design certificate approved by the ministry of education.<\/p>\n[\/vc_column_text][\/vc_column_inner][vc_column_inner width=&#8221;7\/12&#8243; offset=&#8221;vc_hidden-sm vc_hidden-xs&#8221;]\t<div class=\"thb_cascading_images\">\n\t\t\n\t<figure class=\"cascading_image\">\n\t\t<div class=\"cascading_inner animation left-to-right\">\n\t\t\t<img decoding=\"async\" src=\"https:\/\/www.vakkoesmod.com\/wp-content\/uploads\/2019\/07\/formation-courtes-intensive-1.jpg\" alt=\"\" style=\"\n\t\t\t\t\t\t\t\t \t\t\t\t transform: translateX(20%) translateY(0%); \" width=\"900\" class=\" retina_size\"\/>\n\t\t<\/div>\n\t<\/figure>\n\t\n\t<figure class=\"cascading_image\">\n\t\t<div class=\"cascading_inner animation right-to-left\">\n\t\t\t<img decoding=\"async\" src=\"https:\/\/www.vakkoesmod.com\/wp-content\/uploads\/2019\/07\/formation-courtes-intensive-2.jpg\" alt=\"\" style=\"\n\t\t\t\t\t\t\t\t \t\t\t\t transform: translateX(-40%) translateY(-5%); \" width=\"900\" class=\"thb_box_shadow retina_size\"\/>\n\t\t<\/div>\n\t<\/figure>\n\t\t<\/div>\n\t[\/vc_column_inner][\/vc_row_inner]<aside class=\"gap cf\" style=\"height:40px;\"><\/aside>[vc_btn title=&#8221;APPLY&#8221; style=&#8221;flat&#8221; shape=&#8221;square&#8221; align=&#8221;center&#8221; i_icon_fontawesome=&#8221;fas fa-check&#8221; css_animation=&#8221;fadeInUp&#8221; add_icon=&#8221;true&#8221; link=&#8221;url:%2Fhesabim%2Fbasvuru-formu%2Fkisa-donem-sertifika%2F|title:Apply&#8221; el_class=&#8221;button-primary-container&#8221;]<aside class=\"gap cf\" style=\"height:30px;\"><\/aside>[vc_column_text]\n<h3>Program Content<\/h3>\n[\/vc_column_text][vc_column_text]\n<ul>\n<li>Introduction to Fashion design<\/li>\n<li>Analysis of all models in Fashion history<\/li>\n<li>Processes in today\u2019s fashion world<\/li>\n<li>Working methods of a designer<\/li>\n<li>Introduction to Basic drawing techniques<\/li>\n<li>Figure drawing<\/li>\n<li>Figure body details<\/li>\n<li>Face, Hair, eyes, Lips, hands and feet drawings<\/li>\n<li>Garment drawing and coloring on figure<\/li>\n<li>Placing shadows on figures, eye and hair color changes<\/li>\n<li>Mannequin and model drawings<\/li>\n<li>Flat drawings<\/li>\n<li>Flat drawings of different models<\/li>\n<li>Moodboard\u00a0: what it is, how it is prepared<\/li>\n<li>Inspiration from moodboard for mannequin and model drawing<\/li>\n<li>Muse \u2013 target audience &#8211; Moodboard \u2013 Color range<\/li>\n<li>Collection studies<\/li>\n<li>What is a collection\u00a0and how is it prepared\u00a0?<\/li>\n<li>Deciding on a Theme\/concept<\/li>\n<li>Mannequin and Model drawings<\/li>\n<li>Flat drawings<\/li>\n<li>Personal Universe : Who am I? What do I like? What affects me?<\/li>\n<li>Fashion illustration<\/li>\n<li>Illustration project<\/li>\n<li>Photoshop: Creating a document, Toolbox, settings, decisions, coloring, Type tools, retouching, Layers<\/li>\n<li>Moodboard with Photoshop and collage studies, rotating objects, coloring and scaling, flat drawing<\/li>\n<li>Skirt project<\/li>\n<li>Shirt project<\/li>\n<li>Dress project<\/li>\n<li>Suit, jacket and pants project<\/li>\n<li>Casualwear and Denim project<\/li>\n<li>Project delivery and presentation \u2013 Skills to present the portfolio. Roles that we take in a team in business life. Ways to follow working at different companies in order to gain experience.<\/li>\n<\/ul>\n<p><strong>Material List<\/strong>: For Fashion Design class, all participants must install Photoshop &amp;amp; Illustrator on their personal laptops and bring to class. Other list of materials will be shared on the first day of class.[\/vc_column_text]<aside class=\"gap cf\" style=\"height:30px;\"><\/aside>[vc_column_text]\n<h3><img loading=\"lazy\" decoding=\"async\" class=\"alignleft wp-image-5683 lazyload\" src=\"data:image\/gif;base64,R0lGODlhAQABAAAAACH5BAEKAAEALAAAAAABAAEAAAICTAEAOw==\" data-src=\"https:\/\/www.vakkoesmod.com\/wp-content\/uploads\/2021\/02\/mujde-sekerozu-300x300.jpg\" alt=\"\" width=\"197\" height=\"246\" \/>Instructor: <strong>Mujde Sekerozu<\/strong><\/h3>\n<p>M\u00fcjde \u015eeker\u00f6z\u00fc has graduated from Galatasaray Lisesi Istanbul in 1988. In the years 1998-1990 she has studied Fashion Design and Business at Parsons School of Design New York. From 1990-1993 she has studied Fashion Design Womens Ready-to-Wear at ESMOD Paris and graduated as first in her field. Since 1993 she has been working at various companies in the Fashion and Ready-to-wear industry as Head designer and Creative director. Some of these companies\u00a0are ATT\u00a0 (Turkmen Holding ) for EU Customers, Spain -Inditex \/\u00a0 French Customers , France at TUREKS \/\u00a0 Paris &amp; Istanbul ( March 2013 &#8211; January 2017 ), Turkish Export\u00a0 Factories\u00a0 \/ Istanbul \u2013Paris ( 2001 &#8211; 2010 ), Partner of Sourcing Company MS \/\u00a0 Hong Kong, (50 000 Pcs of Knitwear Production in China)\u00a0 ( 2001 &#8211; 2002 ), CONFETTI Textile \/ Istanbul\u00a0 ( 2000 &#8211; 2001 ), CAAN Textile \/Istanbul ( 1998 &#8211; 2000 ), Aprido \/ Istanbul\u00a0\u00a0\u00a0 ( 1995 &#8211; 1998 ), JPG \/ Paris\u00a0\u00a0 ( 1993 &#8211; 1995 ). She speaks fluent French, English and Turkish and intermediate level Spanish.[\/vc_column_text][\/vc_column][\/vc_row][vc_row content_placement=&#8221;middle&#8221; el_class=&#8221;row align-center row-apply-now&#8221;][vc_column el_class=&#8221;text-center&#8221;]<aside class=\"gap cf\" style=\"height:40px;\"><\/aside>[vc_btn title=&#8221;APPLY&#8221; style=&#8221;flat&#8221; shape=&#8221;square&#8221; align=&#8221;center&#8221; i_icon_fontawesome=&#8221;fas fa-check&#8221; css_animation=&#8221;fadeInUp&#8221; add_icon=&#8221;true&#8221; link=&#8221;url:%2Fhesabim%2Fbasvuru-formu%2Fkisa-donem-sertifika%2F|title:Apply&#8221; el_class=&#8221;button-primary-container&#8221;][vc_btn title=&#8221;PROGRAM BROCHURE&#8221; style=&#8221;flat&#8221; shape=&#8221;square&#8221; align=&#8221;center&#8221; i_icon_fontawesome=&#8221;&#8221; css_animation=&#8221;fadeInUp&#8221; add_icon=&#8221;true&#8221; link=&#8221;url:https%3A%2F%2Fwww.vakkoesmod.com%2Fformation-leaflet-en%2F|title:Brochure|target:_blank&#8221; el_class=&#8221;button-secondary-container&#8221;][\/vc_column][\/vc_row]\n","protected":false},"excerpt":{"rendered":"<p>[vc_row][vc_column width=&#8221;1\/4&#8243;][vc_column_text] Duration 9 Months 36 Weeks [\/vc_column_text][vc_empty_space mobile_height=&#8221;20px&#8221; height=&#8221;0px&#8221;][\/vc_column][vc_column width=&#8221;1\/4&#8243;][vc_column_text] Schedule Every Friday 10:00 &#8211; 17:00 [\/vc_column_text][vc_empty_space mobile_height=&#8221;20px&#8221; height=&#8221;0px&#8221;][\/vc_column][vc_column width=&#8221;1\/4&#8243;][vc_column_text] Program Fee 16.000 TL [\/vc_column_text][vc_empty_space mobile_height=&#8221;20px&#8221; height=&#8221;0px&#8221;][\/vc_column][vc_column width=&#8221;1\/4&#8243;][vc_column_text] Starting \/ Ending Date May 2021 December 2021 [\/vc_column_text][\/vc_column][\/vc_row][vc_row][vc_column][vc_column_text] 204 hours of Fashion Design + 12 hours of Photoshop &amp; Illustrator 216 Hours, 9 Months, 36&hellip;<\/p>\n","protected":false},"author":1,"featured_media":5661,"parent":748,"menu_order":0,"comment_status":"closed","ping_status":"closed","template":"page-full.php","meta":{"footnotes":""},"class_list":["post-4822","page","type-page","status-publish","has-post-thumbnail","hentry"],"_links":{"self":[{"href":"https:\/\/www.vakkoesmod.com\/en\/wp-json\/wp\/v2\/pages\/4822","targetHints":{"allow":["GET"]}}],"collection":[{"href":"https:\/\/www.vakkoesmod.com\/en\/wp-json\/wp\/v2\/pages"}],"about":[{"href":"https:\/\/www.vakkoesmod.com\/en\/wp-json\/wp\/v2\/types\/page"}],"author":[{"embeddable":true,"href":"https:\/\/www.vakkoesmod.com\/en\/wp-json\/wp\/v2\/users\/1"}],"replies":[{"embeddable":true,"href":"https:\/\/www.vakkoesmod.com\/en\/wp-json\/wp\/v2\/comments?post=4822"}],"version-history":[{"count":0,"href":"https:\/\/www.vakkoesmod.com\/en\/wp-json\/wp\/v2\/pages\/4822\/revisions"}],"up":[{"embeddable":true,"href":"https:\/\/www.vakkoesmod.com\/en\/wp-json\/wp\/v2\/pages\/748"}],"wp:featuredmedia":[{"embeddable":true,"href":"https:\/\/www.vakkoesmod.com\/en\/wp-json\/wp\/v2\/media\/5661"}],"wp:attachment":[{"href":"https:\/\/www.vakkoesmod.com\/en\/wp-json\/wp\/v2\/media?parent=4822"}],"curies":[{"name":"wp","href":"https:\/\/api.w.org\/{rel}","templated":true}]}}