{"id":4317,"date":"2020-03-06T01:00:48","date_gmt":"2020-03-05T22:00:48","guid":{"rendered":"https:\/\/www.vakkoesmod.com\/?page_id=4317"},"modified":"2020-09-01T13:54:17","modified_gmt":"2020-09-01T10:54:17","slug":"photoshop-illustrator-techniques-in-fashion-design","status":"publish","type":"page","link":"https:\/\/www.vakkoesmod.com\/en\/programs\/short-term-programs\/photoshop-illustrator-techniques-in-fashion-design\/","title":{"rendered":"Photoshop &#038; Illustrator Techniques in Fashion Design"},"content":{"rendered":"[vc_row][vc_column width=&#8221;1\/4&#8243;][vc_column_text]\n<p style=\"text-align: center;\"><i class=\"fa fa-program-detail fa-hourglass-half\"><\/i><br \/>\n<strong>Duration<\/strong><br \/>\n5 Weeks<br \/>\n30 Hours<\/p>\n[\/vc_column_text][vc_empty_space mobile_height=&#8221;20px&#8221; height=&#8221;0px&#8221;][\/vc_column][vc_column width=&#8221;1\/4&#8243;][vc_column_text]\n<p style=\"text-align: center;\"><i class=\"fa fa-program-detail fa-clock-o\"><\/i><br \/>\n<strong>Schedule<\/strong><br \/>\nMonday and Wednesday<br \/>\n19:00 &#8211; 22:00<\/p>\n[\/vc_column_text][vc_empty_space mobile_height=&#8221;20px&#8221; height=&#8221;0px&#8221;][\/vc_column][vc_column width=&#8221;1\/4&#8243;][vc_column_text]\n<p style=\"text-align: center;\"><i class=\"fa fa-program-detail fa-hashtag\"><\/i><br \/>\n<strong>Program Fee<\/strong><br \/>\n2.250 TL<\/p>\n[\/vc_column_text][vc_empty_space mobile_height=&#8221;20px&#8221; height=&#8221;0px&#8221;][\/vc_column][vc_column width=&#8221;1\/4&#8243;][vc_column_text]\n<p style=\"text-align: center;\"><i class=\"fa fa-program-detail fa-calendar\"><\/i><br \/>\n<strong>Starting \/ Ending Date<\/strong><br \/>\n<span class=\"course-highlight\">5 October 2020<\/span><br \/>\n4 November 2020<\/p>\n[\/vc_column_text][\/vc_column][\/vc_row][vc_row content_placement=&#8221;middle&#8221; el_class=&#8221;row align-center row-apply-now&#8221;][vc_column el_class=&#8221;text-center&#8221; el_id=&#8221;text-center&#8221;]<aside class=\"gap cf\" style=\"height:30px;\"><\/aside>[vc_column_text]\n<h5 style=\"text-align: center;\">Within the scope of this program suitable for beginners, you will learn the differences of use of pixel-based photoshop and vector-based illustrator programs that students will use in the field of Fashion Design, prepare artistic and technical drawings in digital environment, and create professional technical drawing sheets for the industry.<\/h5>\n[\/vc_column_text]<aside class=\"gap cf\" style=\"height:30px;\"><\/aside>[vc_btn title=&#8221;APPLY&#8221; style=&#8221;flat&#8221; shape=&#8221;square&#8221; size=&#8221;lg&#8221; align=&#8221;center&#8221; i_icon_fontawesome=&#8221;fa fa-check&#8221; css_animation=&#8221;fadeInUp&#8221; add_icon=&#8221;true&#8221; link=&#8221;url:%2Fhesabim%2Fbasvuru-formu%2Fkisa-donem-sertifika%2F|title:Apply||&#8221; el_class=&#8221;button-primary-container&#8221;][vc_btn title=&#8221;PROGRAM BROCHURE&#8221; style=&#8221;flat&#8221; shape=&#8221;square&#8221; size=&#8221;lg&#8221; align=&#8221;center&#8221; i_icon_fontawesome=&#8221;fa fa-file-pdf-o&#8221; css_animation=&#8221;fadeInUp&#8221; add_icon=&#8221;true&#8221; link=&#8221;url:https%3A%2F%2Fwww.vakkoesmod.com%2Fassets%2Fvakko-esmod-program-brosur.pdf|title:Brochure|target:%20_blank|&#8221; el_class=&#8221;button-secondary-container&#8221;][\/vc_column][\/vc_row][vc_row][vc_column]<aside class=\"gap cf\" style=\"height:30px;\"><\/aside>[vc_column_text]\n<h3>Program Content<\/h3>\n<p><strong>Introduction to Photoshop &#8211; What is Pixel?<\/strong><br \/>\nCreate new document, Open Photo in New Document, Bars, Selections, etc.)<\/p>\n<p><strong>How to Create a Moodboard with Images?<\/strong><br \/>\nMoving, Cutting, Rotating, Reflecting, Changing the Colors of Images, Writing, Options and Coloring, Collage Workout<\/p>\n<p><strong>Tool Bar<\/strong><br \/>\nBrushes, Selection Tools, Effects, etc.<\/p>\n<p><strong>Collage Exercises For Silhouette<\/strong><br \/>\nWorking For Runway Photos<\/p>\n<p><strong>How to Dress Up a Texture?<\/strong><br \/>\nHow To Give Color And Shadow To The Silhouette?<\/p>\n<p><strong>Photoshop Project<\/strong><br \/>\nMoodboard And Colorized Silhouette<\/p>\n<p><strong>Introduction to Illustrator<\/strong><br \/>\nWhat is a Vector? Creating New Documents, Opening Photo in New Document, Bars, Selections\u2026 Etc<\/p>\n<p><strong>Selection Tools<\/strong><br \/>\nDirect Selection Tool, Simple Pen Tool, Different Selection Tools, etc &#8230;<br \/>\nBasic Skirt Drawing<\/p>\n<p><strong>Working With Drawings And Writings<\/strong><br \/>\nMoving, Cutting, Rotating, Mirroring<\/p>\n<p><strong>How to Make a Technical Drawing?<\/strong><br \/>\nPencil Tool, Other Tools Used For Drawing, Scissors, .. Etc.<\/p>\n<p><strong>How to Create a Pattern in Illustrator?<\/strong><br \/>\nSample Pattern Study<\/p>\n<p><strong>Brushes And Effects<\/strong><br \/>\nDifferent Brush Techniques, Shadows<\/p>\n<p><strong>Application conditions<\/strong>: It is suitable for anyone who has not received photoshop and illustrator training before.<br \/>\n<strong>Materials<\/strong>: Each student must come to the lesson with their laptop by installing Photoshop and Illustrator Programs.[\/vc_column_text]<aside class=\"gap cf\" style=\"height:30px;\"><\/aside>[vc_column_text]\n<h3>Instructor<\/h3>\n<p><span style=\"color: #841911;\"><strong>Ece \u00c7avu\u015fo\u011flu<\/strong><\/span><br \/>\nEce graduated from Vakko Esmod Fashion Academy Fashion Design and Creation Diploma Program with special jury award. She has several awards in the sector during student education by cooperation with major brands. She worked at Common Leisure Brand and Elle\u00a0magazine.[\/vc_column_text][\/vc_column][\/vc_row][vc_row content_placement=&#8221;middle&#8221; el_class=&#8221;row align-center row-apply-now&#8221;][vc_column el_class=&#8221;text-center&#8221;]<aside class=\"gap cf\" style=\"height:40px;\"><\/aside>[vc_btn title=&#8221;APPLY&#8221; style=&#8221;flat&#8221; shape=&#8221;square&#8221; size=&#8221;lg&#8221; align=&#8221;center&#8221; i_icon_fontawesome=&#8221;fa fa-check&#8221; css_animation=&#8221;fadeInUp&#8221; add_icon=&#8221;true&#8221; link=&#8221;url:%2Fhesabim%2Fbasvuru-formu%2Fkisa-donem-sertifika%2F|title:Apply||&#8221; el_class=&#8221;button-primary-container&#8221;][vc_btn title=&#8221;PROGRAM BROCHURE&#8221; style=&#8221;flat&#8221; shape=&#8221;square&#8221; size=&#8221;lg&#8221; align=&#8221;center&#8221; i_icon_fontawesome=&#8221;fa fa-file-pdf-o&#8221; css_animation=&#8221;fadeInUp&#8221; add_icon=&#8221;true&#8221; link=&#8221;url:https%3A%2F%2Fwww.vakkoesmod.com%2Fassets%2Fvakko-esmod-program-brosur.pdf|title:Brochure|target:%20_blank|&#8221; el_class=&#8221;button-secondary-container&#8221;][\/vc_column][\/vc_row]\n","protected":false},"excerpt":{"rendered":"<p>[vc_row][vc_column width=&#8221;1\/4&#8243;][vc_column_text] Duration 5 Weeks 30 Hours [\/vc_column_text][vc_empty_space mobile_height=&#8221;20px&#8221; height=&#8221;0px&#8221;][\/vc_column][vc_column width=&#8221;1\/4&#8243;][vc_column_text] Schedule Monday and Wednesday 19:00 &#8211; 22:00 [\/vc_column_text][vc_empty_space mobile_height=&#8221;20px&#8221; height=&#8221;0px&#8221;][\/vc_column][vc_column width=&#8221;1\/4&#8243;][vc_column_text] Program Fee 2.250 TL [\/vc_column_text][vc_empty_space mobile_height=&#8221;20px&#8221; height=&#8221;0px&#8221;][\/vc_column][vc_column width=&#8221;1\/4&#8243;][vc_column_text] Starting \/ Ending Date 5 October 2020 4 November 2020 [\/vc_column_text][\/vc_column][\/vc_row][vc_row content_placement=&#8221;middle&#8221; el_class=&#8221;row align-center row-apply-now&#8221;][vc_column el_class=&#8221;text-center&#8221; el_id=&#8221;text-center&#8221;][vc_column_text] Within the scope of this program suitable for&hellip;<\/p>\n","protected":false},"author":1,"featured_media":12097,"parent":748,"menu_order":15,"comment_status":"closed","ping_status":"closed","template":"page-full.php","meta":{"footnotes":""},"class_list":["post-4317","page","type-page","status-publish","has-post-thumbnail","hentry"],"_links":{"self":[{"href":"https:\/\/www.vakkoesmod.com\/en\/wp-json\/wp\/v2\/pages\/4317","targetHints":{"allow":["GET"]}}],"collection":[{"href":"https:\/\/www.vakkoesmod.com\/en\/wp-json\/wp\/v2\/pages"}],"about":[{"href":"https:\/\/www.vakkoesmod.com\/en\/wp-json\/wp\/v2\/types\/page"}],"author":[{"embeddable":true,"href":"https:\/\/www.vakkoesmod.com\/en\/wp-json\/wp\/v2\/users\/1"}],"replies":[{"embeddable":true,"href":"https:\/\/www.vakkoesmod.com\/en\/wp-json\/wp\/v2\/comments?post=4317"}],"version-history":[{"count":0,"href":"https:\/\/www.vakkoesmod.com\/en\/wp-json\/wp\/v2\/pages\/4317\/revisions"}],"up":[{"embeddable":true,"href":"https:\/\/www.vakkoesmod.com\/en\/wp-json\/wp\/v2\/pages\/748"}],"wp:featuredmedia":[{"embeddable":true,"href":"https:\/\/www.vakkoesmod.com\/en\/wp-json\/wp\/v2\/media\/12097"}],"wp:attachment":[{"href":"https:\/\/www.vakkoesmod.com\/en\/wp-json\/wp\/v2\/media?parent=4317"}],"curies":[{"name":"wp","href":"https:\/\/api.w.org\/{rel}","templated":true}]}}