{"id":4094,"date":"2019-12-16T23:10:56","date_gmt":"2019-12-16T20:10:56","guid":{"rendered":"https:\/\/www.vakkoesmod.com\/?page_id=4094"},"modified":"2020-01-09T02:05:03","modified_gmt":"2020-01-08T23:05:03","slug":"destroyed-pinar-donertas","status":"publish","type":"page","link":"https:\/\/www.vakkoesmod.com\/en\/collections\/collection-2016\/destroyed-pinar-donertas\/","title":{"rendered":"Destroyed \u2014 P\u0131nar D\u00f6nerta\u015f"},"content":{"rendered":"[vc_row column_padding=&#8221;false&#8221; full_width_row=&#8221;true&#8221; content_placement=&#8221;middle&#8221; parallax=&#8221;content-moving&#8221; parallax_image=&#8221;3551&#8243;][vc_column][vc_row_inner max_width=&#8221;true&#8221;][vc_column_inner]<aside class=\"gap cf\" style=\"height:10px;\"><\/aside>[vc_column_text]<span style=\"color: #ffffff; font-size: 14px;\"><a href=\"\/en\/collections\/\">\u2190 Return to Collections<\/a><\/span>[\/vc_column_text]<aside class=\"gap cf\" style=\"height:100px;\"><\/aside>[vc_column_text]\n<h1 style=\"text-align: center;\"><span style=\"color: #ffffff;\">Destroyed<\/span><\/h1>\n[\/vc_column_text]<aside class=\"gap cf\" style=\"height:50px;\"><\/aside>[\/vc_column_inner][\/vc_row_inner][vc_row_inner max_width=&#8221;true&#8221;][vc_column_inner width=&#8221;1\/4&#8243; css=&#8221;.vc_custom_1559476046156{padding-top: 20px !important;padding-right: 20px !important;padding-bottom: 20px !important;padding-left: 20px !important;background-color: #ffffff !important;}&#8221;][vc_single_image image=&#8221;4127&#8243; img_size=&#8221;large&#8221; css_animation=&#8221;fadeIn&#8221;]<aside class=\"gap cf\" style=\"height:10px;\"><\/aside>[vc_column_text]\n<h3>P\u0131nar D\u00f6nerta\u015f<\/h3>\n[\/vc_column_text]<aside class=\"gap cf\" style=\"height:100px;\"><\/aside>[\/vc_column_inner][vc_column_inner width=&#8221;3\/4&#8243; css=&#8221;.vc_custom_1559477087971{padding-top: 20px !important;padding-right: 20px !important;padding-bottom: 20px !important;padding-left: 20px !important;}&#8221;][vc_column_text]<span style=\"color: #ffffff;\"><img loading=\"lazy\" decoding=\"async\" class=\"wp-image-3555 size-medium alignright lazyload\" style=\"box-shadow: 0 0 100px #aaa;\" src=\"data:image\/gif;base64,R0lGODlhAQABAAAAACH5BAEKAAEALAAAAAABAAEAAAICTAEAOw==\" data-src=\"https:\/\/www.vakkoesmod.com\/wp-content\/uploads\/2019\/08\/pinar-donertas-yipranmis-8-200x300.jpg\" alt=\"\" width=\"200\" height=\"300\" data-sizes=\"auto\" data-srcset=\"https:\/\/www.vakkoesmod.com\/wp-content\/uploads\/2019\/08\/pinar-donertas-yipranmis-8-200x300.jpg 200w, https:\/\/www.vakkoesmod.com\/wp-content\/uploads\/2019\/08\/pinar-donertas-yipranmis-8-768x1152.jpg 768w, https:\/\/www.vakkoesmod.com\/wp-content\/uploads\/2019\/08\/pinar-donertas-yipranmis-8-683x1024.jpg 683w, https:\/\/www.vakkoesmod.com\/wp-content\/uploads\/2019\/08\/pinar-donertas-yipranmis-8-450x675.jpg 450w, https:\/\/www.vakkoesmod.com\/wp-content\/uploads\/2019\/08\/pinar-donertas-yipranmis-8.jpg 800w, https:\/\/www.vakkoesmod.com\/wp-content\/uploads\/2019\/08\/pinar-donertas-yipranmis-8-225x338.jpg 225w, https:\/\/www.vakkoesmod.com\/wp-content\/uploads\/2019\/08\/pinar-donertas-yipranmis-8-20x30.jpg 20w\" sizes=\"auto, (max-width: 200px) 100vw, 200px\" \/><strong> P\u0131nar attempts to reflect the reality of the human spirit within her collection, combining the obligatory complications, contradictions and irony that this encompasses. The collection puts value and emphasis on the old and the natural, believing that with age comes experience and insight. By bringing things back to their original, humble and natural roots, she brings a dignity to this simplicity. In order to reflect these ideas P\u0131nar has chosen shabby, oversized, masculine and regular cut forms. The fabrics used are natural materials such as sack, felt and linen. She then experimented further with techniques like rusting and bleaching to create unique worn out colours and textures.<br \/>\n<\/strong><\/span>[\/vc_column_text][\/vc_column_inner][\/vc_row_inner][\/vc_column][\/vc_row][vc_row][vc_column]<aside class=\"gap cf\" style=\"height:100px;\"><\/aside>[vc_single_image image=&#8221;3565&#8243; img_size=&#8221;large&#8221; alignment=&#8221;center&#8221; style=&#8221;vc_box_border&#8221; border_color=&#8221;white&#8221; css=&#8221;.vc_custom_1576526715789{border-top-width: 40px !important;border-right-width: 40px !important;border-bottom-width: 40px !important;border-left-width: 40px !important;}&#8221;]<aside class=\"gap cf\" style=\"height:100px;\"><\/aside>[\/vc_column][\/vc_row][vc_row content_placement=&#8221;bottom&#8221;][vc_column width=&#8221;1\/12&#8243;][\/vc_column][vc_column width=&#8221;1\/3&#8243;][vc_single_image image=&#8221;3557&#8243; img_size=&#8221;large&#8221; alignment=&#8221;right&#8221;]<aside class=\"gap cf\" style=\"height:30px;\"><\/aside>[vc_single_image image=&#8221;3561&#8243; img_size=&#8221;large&#8221; css=&#8221;.vc_custom_1576526837684{border-top-width: 40px !important;border-right-width: 40px !important;border-bottom-width: 40px !important;border-left-width: 40px !important;}&#8221;]<aside class=\"gap cf\" style=\"height:30px;\"><\/aside>[vc_single_image image=&#8221;3543&#8243; img_size=&#8221;large&#8221; css=&#8221;.vc_custom_1576526865160{border-top-width: 40px !important;border-right-width: 40px !important;border-bottom-width: 40px !important;border-left-width: 40px !important;}&#8221;]<aside class=\"gap cf\" style=\"height:30px;\"><\/aside>[\/vc_column][vc_column width=&#8221;1\/2&#8243;][vc_single_image image=&#8221;3549&#8243; img_size=&#8221;large&#8221; css=&#8221;.vc_custom_1576526789746{border-top-width: 40px !important;border-right-width: 40px !important;border-bottom-width: 40px !important;border-left-width: 40px !important;}&#8221;]<aside class=\"gap cf\" style=\"height:100px;\"><\/aside>[vc_single_image image=&#8221;3553&#8243; img_size=&#8221;large&#8221; css=&#8221;.vc_custom_1576526822128{border-top-width: 40px !important;border-right-width: 40px !important;border-bottom-width: 40px !important;border-left-width: 40px !important;}&#8221;]<aside class=\"gap cf\" style=\"height:30px;\"><\/aside>[\/vc_column][vc_column width=&#8221;1\/12&#8243;][\/vc_column][\/vc_row][vc_row disable_element=&#8221;yes&#8221;][vc_column][vc_text_separator title=&#8221;Galeri&#8221; title_align=&#8221;separator_align_left&#8221;]<aside class=\"gap cf\" style=\"height:50px;\"><\/aside><aside class=\"gap cf\" style=\"height:100px;\"><\/aside>[\/vc_column][\/vc_row]\n","protected":false},"excerpt":{"rendered":"<p>P\u0131nar attempts to reflect the reality of the human spirit within her collection, combining the obligatory complications, contradictions and irony that this encompasses. <\/p>\n","protected":false},"author":1,"featured_media":3552,"parent":3803,"menu_order":0,"comment_status":"closed","ping_status":"closed","template":"","meta":{"footnotes":""},"class_list":["post-4094","page","type-page","status-publish","has-post-thumbnail","hentry"],"_links":{"self":[{"href":"https:\/\/www.vakkoesmod.com\/en\/wp-json\/wp\/v2\/pages\/4094","targetHints":{"allow":["GET"]}}],"collection":[{"href":"https:\/\/www.vakkoesmod.com\/en\/wp-json\/wp\/v2\/pages"}],"about":[{"href":"https:\/\/www.vakkoesmod.com\/en\/wp-json\/wp\/v2\/types\/page"}],"author":[{"embeddable":true,"href":"https:\/\/www.vakkoesmod.com\/en\/wp-json\/wp\/v2\/users\/1"}],"replies":[{"embeddable":true,"href":"https:\/\/www.vakkoesmod.com\/en\/wp-json\/wp\/v2\/comments?post=4094"}],"version-history":[{"count":0,"href":"https:\/\/www.vakkoesmod.com\/en\/wp-json\/wp\/v2\/pages\/4094\/revisions"}],"up":[{"embeddable":true,"href":"https:\/\/www.vakkoesmod.com\/en\/wp-json\/wp\/v2\/pages\/3803"}],"wp:featuredmedia":[{"embeddable":true,"href":"https:\/\/www.vakkoesmod.com\/en\/wp-json\/wp\/v2\/media\/3552"}],"wp:attachment":[{"href":"https:\/\/www.vakkoesmod.com\/en\/wp-json\/wp\/v2\/media?parent=4094"}],"curies":[{"name":"wp","href":"https:\/\/api.w.org\/{rel}","templated":true}]}}