{"id":4060,"date":"2019-11-01T00:33:06","date_gmt":"2019-10-31T21:33:06","guid":{"rendered":"https:\/\/www.vakkoesmod.com\/?page_id=4060"},"modified":"2019-11-08T01:14:18","modified_gmt":"2019-11-07T22:14:18","slug":"rebellious-busra-eksi","status":"publish","type":"page","link":"https:\/\/www.vakkoesmod.com\/en\/collections\/collection-2019\/rebellious-busra-eksi\/","title":{"rendered":"Rebellious \u2014 B\u00fc\u015fra Ek\u015fi"},"content":{"rendered":"[vc_row column_padding=&#8221;false&#8221; full_width_row=&#8221;true&#8221; content_placement=&#8221;middle&#8221; parallax=&#8221;content-moving&#8221; parallax_image=&#8221;3955&#8243;][vc_column][vc_row_inner max_width=&#8221;true&#8221;][vc_column_inner]<aside class=\"gap cf\" style=\"height:10px;\"><\/aside>[vc_column_text]<span style=\"color: #ffffff; font-size: 14px;\"><a href=\"\/en\/collections\/\">\u2190 Return to Collections<\/a><\/span>[\/vc_column_text]<aside class=\"gap cf\" style=\"height:100px;\"><\/aside>[vc_column_text]\n<h1 style=\"text-align: center;\"><span style=\"color: #ffffff;\">Rebellious<\/span><\/h1>\n[\/vc_column_text]<aside class=\"gap cf\" style=\"height:50px;\"><\/aside>[\/vc_column_inner][\/vc_row_inner][vc_row_inner max_width=&#8221;true&#8221;][vc_column_inner width=&#8221;1\/4&#8243; css=&#8221;.vc_custom_1559476046156{padding-top: 20px !important;padding-right: 20px !important;padding-bottom: 20px !important;padding-left: 20px !important;background-color: #ffffff !important;}&#8221;][vc_single_image image=&#8221;4064&#8243; img_size=&#8221;large&#8221; css_animation=&#8221;fadeIn&#8221;]<aside class=\"gap cf\" style=\"height:10px;\"><\/aside>[vc_column_text]\n<h3>B\u00fc\u015fra Ek\u015fi<\/h3>\n[\/vc_column_text]<aside class=\"gap cf\" style=\"height:100px;\"><\/aside>[\/vc_column_inner][vc_column_inner width=&#8221;3\/4&#8243; css=&#8221;.vc_custom_1559477087971{padding-top: 20px !important;padding-right: 20px !important;padding-bottom: 20px !important;padding-left: 20px !important;}&#8221;][vc_column_text]<span style=\"color: #ffffff;\"><img loading=\"lazy\" decoding=\"async\" class=\"wp-image-3947 size-medium alignright lazyload\" style=\"box-shadow: 0 0 100px #aaa;\" src=\"data:image\/gif;base64,R0lGODlhAQABAAAAACH5BAEKAAEALAAAAAABAAEAAAICTAEAOw==\" data-src=\"https:\/\/www.vakkoesmod.com\/wp-content\/uploads\/2019\/10\/busra-eksi-rebellious-2-200x300.jpg\" alt=\"\" width=\"200\" height=\"300\" data-sizes=\"auto\" data-srcset=\"https:\/\/www.vakkoesmod.com\/wp-content\/uploads\/2019\/10\/busra-eksi-rebellious-2-200x300.jpg 200w, https:\/\/www.vakkoesmod.com\/wp-content\/uploads\/2019\/10\/busra-eksi-rebellious-2-768x1151.jpg 768w, https:\/\/www.vakkoesmod.com\/wp-content\/uploads\/2019\/10\/busra-eksi-rebellious-2-684x1024.jpg 684w, https:\/\/www.vakkoesmod.com\/wp-content\/uploads\/2019\/10\/busra-eksi-rebellious-2-450x674.jpg 450w, https:\/\/www.vakkoesmod.com\/wp-content\/uploads\/2019\/10\/busra-eksi-rebellious-2.jpg 801w, https:\/\/www.vakkoesmod.com\/wp-content\/uploads\/2019\/10\/busra-eksi-rebellious-2-225x337.jpg 225w, https:\/\/www.vakkoesmod.com\/wp-content\/uploads\/2019\/10\/busra-eksi-rebellious-2-20x30.jpg 20w\" sizes=\"auto, (max-width: 200px) 100vw, 200px\" \/><strong>If a group of people rebellious,<br \/>\nThey oppose the ideas of the people in authority and plan to change the system, often without using force:<\/strong><\/span><\/p>\n<p><span style=\"color: #ffffff;\"><strong>This collection is about the people who oppose the society\u2019s beauty standarts and are twined with the music listen to and the streets they live in.<\/strong><\/span><\/p>\n<p><span style=\"color: #ffffff;\"><strong>I got inspired by the asian volumes and attempted to reflect my inspiration from this culture by modernising it using dark colours and hormonising them with neon transitions colours.<\/strong><\/span>[\/vc_column_text][\/vc_column_inner][\/vc_row_inner][\/vc_column][\/vc_row][vc_row][vc_column]<aside class=\"gap cf\" style=\"height:100px;\"><\/aside>[vc_single_image image=&#8221;3945&#8243; img_size=&#8221;large&#8221; alignment=&#8221;center&#8221; style=&#8221;vc_box_border&#8221; border_color=&#8221;white&#8221; css=&#8221;.vc_custom_1572550568714{border-top-width: 40px !important;border-right-width: 40px !important;border-bottom-width: 40px !important;border-left-width: 40px !important;}&#8221;]<aside class=\"gap cf\" style=\"height:100px;\"><\/aside>[\/vc_column][\/vc_row][vc_row content_placement=&#8221;bottom&#8221;][vc_column width=&#8221;1\/12&#8243;][\/vc_column][vc_column width=&#8221;1\/3&#8243;][vc_single_image image=&#8221;3951&#8243; img_size=&#8221;large&#8221; alignment=&#8221;right&#8221;]<aside class=\"gap cf\" style=\"height:30px;\"><\/aside>[vc_single_image image=&#8221;3949&#8243; img_size=&#8221;large&#8221; css=&#8221;.vc_custom_1572550639918{border-top-width: 40px !important;border-right-width: 40px !important;border-bottom-width: 40px !important;border-left-width: 40px !important;}&#8221;]<aside class=\"gap cf\" style=\"height:30px;\"><\/aside>[\/vc_column][vc_column width=&#8221;1\/2&#8243;][vc_single_image image=&#8221;3953&#8243; img_size=&#8221;large&#8221; css=&#8221;.vc_custom_1572550651186{border-top-width: 40px !important;border-right-width: 40px !important;border-bottom-width: 40px !important;border-left-width: 40px !important;}&#8221;]<aside class=\"gap cf\" style=\"height:100px;\"><\/aside>[\/vc_column][vc_column width=&#8221;1\/12&#8243;][\/vc_column][\/vc_row][vc_row disable_element=&#8221;yes&#8221;][vc_column][vc_text_separator title=&#8221;Galeri&#8221; title_align=&#8221;separator_align_left&#8221;]<aside class=\"gap cf\" style=\"height:50px;\"><\/aside><aside class=\"gap cf\" style=\"height:100px;\"><\/aside>[\/vc_column][\/vc_row]\n","protected":false},"excerpt":{"rendered":"<p>This collection is about the people who oppose the society\u2019s beauty standarts and are twined with the music listen to and the streets they live in. <\/p>\n","protected":false},"author":1,"featured_media":3956,"parent":4055,"menu_order":0,"comment_status":"closed","ping_status":"closed","template":"","meta":{"footnotes":""},"class_list":["post-4060","page","type-page","status-publish","has-post-thumbnail","hentry"],"_links":{"self":[{"href":"https:\/\/www.vakkoesmod.com\/en\/wp-json\/wp\/v2\/pages\/4060","targetHints":{"allow":["GET"]}}],"collection":[{"href":"https:\/\/www.vakkoesmod.com\/en\/wp-json\/wp\/v2\/pages"}],"about":[{"href":"https:\/\/www.vakkoesmod.com\/en\/wp-json\/wp\/v2\/types\/page"}],"author":[{"embeddable":true,"href":"https:\/\/www.vakkoesmod.com\/en\/wp-json\/wp\/v2\/users\/1"}],"replies":[{"embeddable":true,"href":"https:\/\/www.vakkoesmod.com\/en\/wp-json\/wp\/v2\/comments?post=4060"}],"version-history":[{"count":0,"href":"https:\/\/www.vakkoesmod.com\/en\/wp-json\/wp\/v2\/pages\/4060\/revisions"}],"up":[{"embeddable":true,"href":"https:\/\/www.vakkoesmod.com\/en\/wp-json\/wp\/v2\/pages\/4055"}],"wp:featuredmedia":[{"embeddable":true,"href":"https:\/\/www.vakkoesmod.com\/en\/wp-json\/wp\/v2\/media\/3956"}],"wp:attachment":[{"href":"https:\/\/www.vakkoesmod.com\/en\/wp-json\/wp\/v2\/media?parent=4060"}],"curies":[{"name":"wp","href":"https:\/\/api.w.org\/{rel}","templated":true}]}}