{"id":11873,"date":"2024-01-23T15:04:59","date_gmt":"2024-01-23T12:04:59","guid":{"rendered":"https:\/\/www.vakkoesmod.com\/?page_id=11873"},"modified":"2024-01-23T15:06:20","modified_gmt":"2024-01-23T12:06:20","slug":"essence-of-east-asia-seda-bozyigit","status":"publish","type":"page","link":"https:\/\/www.vakkoesmod.com\/en\/collections\/collection-2023\/essence-of-east-asia-seda-bozyigit\/","title":{"rendered":"ESSENCE OF EAST ASIA &#8211; SEDA BOZY\u0130\u011e\u0130T"},"content":{"rendered":"[vc_row column_padding=&#8221;false&#8221; full_width_row=&#8221;true&#8221; content_placement=&#8221;bottom&#8221; parallax=&#8221;content-moving&#8221; parallax_image=&#8221;9882&#8243;][vc_column][vc_row_inner max_width=&#8221;true&#8221;][vc_column_inner]<aside class=\"gap cf\" style=\"height:10px;\"><\/aside>[vc_column_text]<span style=\"color: #ffffff; font-size: 14px;\"><a href=\"\/en\/collections\/collection-2023\/\">\u2190 Back to Collections<\/a><\/span>[\/vc_column_text]<aside class=\"gap cf\" style=\"height:100px;\"><\/aside>[vc_column_text]\n<h1 style=\"text-align: center;\"><span style=\"color: #fff;\">ESSENCE OF EAST ASIA<\/span><\/h1>\n[\/vc_column_text]<aside class=\"gap cf\" style=\"height:50px;\"><\/aside>[\/vc_column_inner][\/vc_row_inner][vc_row_inner max_width=&#8221;true&#8221;][vc_column_inner width=&#8221;1\/4&#8243; css=&#8221;.vc_custom_1559476046156{padding-top: 20px !important;padding-right: 20px !important;padding-bottom: 20px !important;padding-left: 20px !important;background-color: #ffffff !important;}&#8221;][vc_single_image image=&#8221;11720&#8243; img_size=&#8221;large&#8221; css_animation=&#8221;fadeIn&#8221;]<aside class=\"gap cf\" style=\"height:10px;\"><\/aside>[vc_column_text]\n<h3>SEDA BOZY\u0130\u011e\u0130T<\/h3>\n[\/vc_column_text]<aside class=\"gap cf\" style=\"height:100px;\"><\/aside>[\/vc_column_inner][vc_column_inner el_class=&#8221;collection-introduction&#8221; width=&#8221;3\/4&#8243; css=&#8221;.vc_custom_1616347171583{padding-top: 20px !important;padding-right: 20px !important;padding-bottom: 20px !important;padding-left: 20px !important;}&#8221;][vc_column_text]Different cultures and their histories have always been so entrancing to me, always peaked my interest.\u00a0So for my collection I decided to dig deep into some of my favorite cultures and learn more\u00a0\u00a0about them. After looking up the mesmerizing past of East Asia (Japan,Korea,China,Vietnam,Thailand,\u2026) my desicion was concluded.<br \/>\nThere is such a rich history behind these cultures, it\u2019s impossible to include everything that fascinates me. So I tried to pick the details that spoke to me the most from their past.<\/p>\n<p>The ideas within the collection came from their art,architecture,history,mythology and traditional garments. To represent the merge of so many different ideas from different countries, I tried to play with different textures throughout the collection.<\/p>\n<p>\u2018Essence of East Asia\u2019 is a menswear collection that has modernized details from the past, for brave people who like to have fun with their outfits.[\/vc_column_text][\/vc_column_inner][\/vc_row_inner][\/vc_column][\/vc_row][vc_row][vc_column]<aside class=\"gap cf\" style=\"height:50px;\"><\/aside>[vc_text_separator title=&#8221;Gallery&#8221;]<aside class=\"gap cf\" style=\"height:30px;\"><\/aside>\t\t<div class=\"row thb-content-carousel thb-carousel regular-padding   center-arrows\" id=\"content-carousel-178\" data-columns=\"3\" data-autoplay=\"\" data-autoplay-speed=\"4000\" data-pagination=\"true\" data-infinite=\"false\" data-navigation=\"true\">\n\t\t\t[vc_single_image image=&#8221;11808&#8243; img_size=&#8221;large&#8221;][vc_single_image image=&#8221;11806&#8243; img_size=&#8221;large&#8221;][vc_single_image image=&#8221;11804&#8243; img_size=&#8221;large&#8221;][vc_single_image image=&#8221;11802&#8243; img_size=&#8221;large&#8221;][vc_single_image image=&#8221;11800&#8243; img_size=&#8221;large&#8221;][vc_single_image image=&#8221;11798&#8243; img_size=&#8221;large&#8221;]\t\t<\/div>\n\n\t<aside class=\"gap cf\" style=\"height:100px;\"><\/aside>[\/vc_column][\/vc_row]\n","protected":false},"excerpt":{"rendered":"<p>Different cultures and their histories have always been so entrancing to me, always peaked my interest.\u00a0So for my collection I decided to dig deep into some of my favorite cultures and learn more\u00a0\u00a0about them.<\/p>\n","protected":false},"author":18,"featured_media":11801,"parent":11868,"menu_order":0,"comment_status":"closed","ping_status":"closed","template":"","meta":{"footnotes":""},"class_list":["post-11873","page","type-page","status-publish","has-post-thumbnail","hentry"],"_links":{"self":[{"href":"https:\/\/www.vakkoesmod.com\/en\/wp-json\/wp\/v2\/pages\/11873","targetHints":{"allow":["GET"]}}],"collection":[{"href":"https:\/\/www.vakkoesmod.com\/en\/wp-json\/wp\/v2\/pages"}],"about":[{"href":"https:\/\/www.vakkoesmod.com\/en\/wp-json\/wp\/v2\/types\/page"}],"author":[{"embeddable":true,"href":"https:\/\/www.vakkoesmod.com\/en\/wp-json\/wp\/v2\/users\/18"}],"replies":[{"embeddable":true,"href":"https:\/\/www.vakkoesmod.com\/en\/wp-json\/wp\/v2\/comments?post=11873"}],"version-history":[{"count":0,"href":"https:\/\/www.vakkoesmod.com\/en\/wp-json\/wp\/v2\/pages\/11873\/revisions"}],"up":[{"embeddable":true,"href":"https:\/\/www.vakkoesmod.com\/en\/wp-json\/wp\/v2\/pages\/11868"}],"wp:featuredmedia":[{"embeddable":true,"href":"https:\/\/www.vakkoesmod.com\/en\/wp-json\/wp\/v2\/media\/11801"}],"wp:attachment":[{"href":"https:\/\/www.vakkoesmod.com\/en\/wp-json\/wp\/v2\/media?parent=11873"}],"curies":[{"name":"wp","href":"https:\/\/api.w.org\/{rel}","templated":true}]}}