{"id":10250,"date":"2023-02-16T12:07:14","date_gmt":"2023-02-16T09:07:14","guid":{"rendered":"https:\/\/www.vakkoesmod.com\/?page_id=10250"},"modified":"2023-02-16T13:44:15","modified_gmt":"2023-02-16T10:44:15","slug":"euphoria-serra-yildirim","status":"publish","type":"page","link":"https:\/\/www.vakkoesmod.com\/en\/collections\/collection-2022\/euphoria-serra-yildirim\/","title":{"rendered":"Euphoria &#8211; Serra Y\u0131ld\u0131r\u0131m"},"content":{"rendered":"[vc_row column_padding=&#8221;false&#8221; full_width_row=&#8221;true&#8221; content_placement=&#8221;bottom&#8221; parallax=&#8221;content-moving&#8221; parallax_image=&#8221;9984&#8243;][vc_column][vc_row_inner max_width=&#8221;true&#8221;][vc_column_inner]<aside class=\"gap cf\" style=\"height:10px;\"><\/aside>[vc_column_text]<span style=\"color: #ffffff; font-size: 14px;\"><a href=\"\/koleksiyonlar\/koleksiyon-2022\/\">\u2190 Koleksiyonlara D\u00f6n<\/a><\/span>[\/vc_column_text]<aside class=\"gap cf\" style=\"height:100px;\"><\/aside>[vc_column_text]\n<h1 style=\"text-align: center;\"><span style=\"color: #ffffff;\">EUPHORIA<\/span><\/h1>\n[\/vc_column_text]<aside class=\"gap cf\" style=\"height:50px;\"><\/aside>[\/vc_column_inner][\/vc_row_inner][vc_row_inner max_width=&#8221;true&#8221;][vc_column_inner width=&#8221;1\/4&#8243; css=&#8221;.vc_custom_1559476046156{padding-top: 20px !important;padding-right: 20px !important;padding-bottom: 20px !important;padding-left: 20px !important;background-color: #ffffff !important;}&#8221;][vc_single_image image=&#8221;10157&#8243; img_size=&#8221;large&#8221; css_animation=&#8221;fadeIn&#8221;]<aside class=\"gap cf\" style=\"height:10px;\"><\/aside>[vc_column_text]\n<h3>Serra Y\u0131ld\u0131r\u0131m<\/h3>\n[\/vc_column_text]<aside class=\"gap cf\" style=\"height:100px;\"><\/aside>[\/vc_column_inner][vc_column_inner el_class=&#8221;collection-introduction&#8221; width=&#8221;3\/4&#8243; css=&#8221;.vc_custom_1616347171583{padding-top: 20px !important;padding-right: 20px !important;padding-bottom: 20px !important;padding-left: 20px !important;}&#8221;][vc_column_text]In my collection I combined retro futuristic lines with modern day. I tried to catch the glow in this unborn world. Appealing night dresses that feels as same as the day time comfort.[\/vc_column_text][\/vc_column_inner][\/vc_row_inner][\/vc_column][\/vc_row][vc_row][vc_column]<aside class=\"gap cf\" style=\"height:50px;\"><\/aside>[vc_text_separator title=&#8221;Gallery&#8221;]<aside class=\"gap cf\" style=\"height:30px;\"><\/aside>\t\t<div class=\"row thb-content-carousel thb-carousel regular-padding   center-arrows\" id=\"content-carousel-171\" data-columns=\"3\" data-autoplay=\"\" data-autoplay-speed=\"4000\" data-pagination=\"true\" data-infinite=\"false\" data-navigation=\"true\">\n\t\t\t[vc_single_image image=&#8221;10022&#8243; img_size=&#8221;large&#8221;][vc_single_image image=&#8221;10020&#8243; img_size=&#8221;large&#8221;][vc_single_image image=&#8221;10018&#8243; img_size=&#8221;large&#8221;][vc_single_image image=&#8221;10016&#8243; img_size=&#8221;large&#8221;][vc_single_image image=&#8221;10014&#8243; img_size=&#8221;large&#8221;][vc_single_image image=&#8221;10012&#8243; img_size=&#8221;large&#8221;][vc_single_image image=&#8221;10010&#8243; img_size=&#8221;large&#8221;][vc_single_image image=&#8221;10008&#8243; img_size=&#8221;large&#8221;][vc_single_image image=&#8221;10006&#8243; img_size=&#8221;large&#8221;][vc_single_image image=&#8221;10004&#8243; img_size=&#8221;large&#8221;][vc_single_image image=&#8221;10002&#8243; img_size=&#8221;large&#8221;][vc_single_image image=&#8221;10000&#8243; img_size=&#8221;large&#8221;][vc_single_image image=&#8221;9998&#8243; img_size=&#8221;large&#8221;][vc_single_image image=&#8221;9996&#8243; img_size=&#8221;large&#8221;][vc_single_image image=&#8221;10026&#8243; img_size=&#8221;large&#8221;][vc_single_image image=&#8221;9994&#8243; img_size=&#8221;large&#8221;][vc_single_image image=&#8221;9992&#8243; img_size=&#8221;large&#8221;][vc_single_image image=&#8221;10024&#8243; img_size=&#8221;large&#8221;][vc_single_image image=&#8221;9990&#8243; img_size=&#8221;large&#8221;][vc_single_image image=&#8221;9988&#8243; img_size=&#8221;large&#8221;][vc_single_image image=&#8221;9986&#8243; img_size=&#8221;large&#8221;]\t\t<\/div>\n\n\t<aside class=\"gap cf\" style=\"height:100px;\"><\/aside>[\/vc_column][\/vc_row]\n","protected":false},"excerpt":{"rendered":"<p>In my collection I combined retro futuristic lines with modern day. I tried to catch the glow in this unborn world. Appealing night dresses\u2026<\/p>\n","protected":false},"author":18,"featured_media":9987,"parent":10234,"menu_order":0,"comment_status":"closed","ping_status":"closed","template":"","meta":{"footnotes":""},"class_list":["post-10250","page","type-page","status-publish","has-post-thumbnail","hentry"],"_links":{"self":[{"href":"https:\/\/www.vakkoesmod.com\/en\/wp-json\/wp\/v2\/pages\/10250","targetHints":{"allow":["GET"]}}],"collection":[{"href":"https:\/\/www.vakkoesmod.com\/en\/wp-json\/wp\/v2\/pages"}],"about":[{"href":"https:\/\/www.vakkoesmod.com\/en\/wp-json\/wp\/v2\/types\/page"}],"author":[{"embeddable":true,"href":"https:\/\/www.vakkoesmod.com\/en\/wp-json\/wp\/v2\/users\/18"}],"replies":[{"embeddable":true,"href":"https:\/\/www.vakkoesmod.com\/en\/wp-json\/wp\/v2\/comments?post=10250"}],"version-history":[{"count":0,"href":"https:\/\/www.vakkoesmod.com\/en\/wp-json\/wp\/v2\/pages\/10250\/revisions"}],"up":[{"embeddable":true,"href":"https:\/\/www.vakkoesmod.com\/en\/wp-json\/wp\/v2\/pages\/10234"}],"wp:featuredmedia":[{"embeddable":true,"href":"https:\/\/www.vakkoesmod.com\/en\/wp-json\/wp\/v2\/media\/9987"}],"wp:attachment":[{"href":"https:\/\/www.vakkoesmod.com\/en\/wp-json\/wp\/v2\/media?parent=10250"}],"curies":[{"name":"wp","href":"https:\/\/api.w.org\/{rel}","templated":true}]}}