{"id":10212,"date":"2023-02-01T11:21:25","date_gmt":"2023-02-01T08:21:25","guid":{"rendered":"https:\/\/www.vakkoesmod.com\/?page_id=10212"},"modified":"2024-01-23T15:30:50","modified_gmt":"2024-01-23T12:30:50","slug":"collection-2020","status":"publish","type":"page","link":"https:\/\/www.vakkoesmod.com\/en\/collections\/collection-2020\/","title":{"rendered":"Collection &#8211; 2020"},"content":{"rendered":"[vc_row column_padding=&#8221;false&#8221; full_width_row=&#8221;true&#8221; el_class=&#8221;center-row-bg&#8221; css=&#8221;.vc_custom_1559521460234{background-image: url(\/wp-content\/uploads\/2019\/07\/design-bg.jpg) !important;}&#8221;][vc_column][vc_row_inner max_width=&#8221;true&#8221;][vc_column_inner][vc_empty_space mobile_height=&#8221;20px&#8221; height=&#8221;40px&#8221;][vc_column_text]\n<h1>Collections<\/h1>\n<p style=\"text-align: center;\"><span class=\"collections-year\"><a href=\"\/en\/collections\/collection-2023\/\">2023<\/a><\/span><span class=\"collections-year\"><a href=\"\/en\/collections\/collection-2022\/\">2022<\/a><\/span><span class=\"collections-year\"><a href=\"\/en\/collections\/collection-2021\/\">2021<\/a><\/span><span class=\"collections-year collections-year-active\"\"><a href=\"\/en\/collections\/collection-2020\/\">2020<\/a><\/span><span class=\"collections-year\"><a href=\"\/en\/collections\/collection-2019\/\">2019<\/a><\/span><span class=\"collections-year\"><a href=\"\/en\/collections\/collection-2018\/\">2018<\/a><\/span><span class=\"collections-year\"><a href=\"\/en\/collections\/collection-2017\/\">2017<\/a><\/span><span class=\"collections-year\"><a href=\"\/en\/collections\/collection-2016\/\">2016<\/a><\/span><\/p>\n[\/vc_column_text][\/vc_column_inner][\/vc_row_inner][vc_row_inner max_width=&#8221;true&#8221;][vc_column_inner][vc_empty_space mobile_height=&#8221;20px&#8221; height=&#8221;40px&#8221;]\t\t\t<div class=\"posts post-grid-style12 style12-posts ajaxify-pagination     \" data-loadmore=\"#loadmore-65\" data-rand=\"65\" data-security=\"b145b54581\">\n\t\t\t\t\t\t\t\t\t\t\t\t<article itemscope itemtype=\"http:\/\/schema.org\/Article\" class=\"post style15  post-10213 page type-page status-publish has-post-thumbnail hentry\">\n\t<div class=\"row align-middle\">\n\t\t<div class=\"small-12 medium-6 small-order-1 columns post-gallery-column \">\n\t\t\t\t\t\t<figure class=\"post-gallery\">\n\t\t\t\t\t\t\t\t<a href=\"https:\/\/www.vakkoesmod.com\/en\/collections\/collection-2020\/shadow-and-light-anita-anwari\/\" title=\"Shadow and Light \u2014 Anita Anwari\"><img loading=\"lazy\" decoding=\"async\" width=\"1200\" height=\"1798\" src=\"https:\/\/www.vakkoesmod.com\/wp-content\/uploads\/2021\/03\/anita-18-20x15.jpeg\" class=\"attachment-thevoux-style3-1x size-thevoux-style3-1x thb-lazyload lazyload wp-post-image\" alt=\"\" sizes=\"auto, (max-width: 1200px) 100vw, 1200px\" data-src=\"https:\/\/www.vakkoesmod.com\/wp-content\/uploads\/2021\/03\/anita-18.jpeg\" data-sizes=\"auto\" data-srcset=\"https:\/\/www.vakkoesmod.com\/wp-content\/uploads\/2021\/03\/anita-18.jpeg 1200w, https:\/\/www.vakkoesmod.com\/wp-content\/uploads\/2021\/03\/anita-18-200x300.jpeg 200w, https:\/\/www.vakkoesmod.com\/wp-content\/uploads\/2021\/03\/anita-18-683x1024.jpeg 683w, https:\/\/www.vakkoesmod.com\/wp-content\/uploads\/2021\/03\/anita-18-768x1151.jpeg 768w, https:\/\/www.vakkoesmod.com\/wp-content\/uploads\/2021\/03\/anita-18-1025x1536.jpeg 1025w, https:\/\/www.vakkoesmod.com\/wp-content\/uploads\/2021\/03\/anita-18-450x674.jpeg 450w, https:\/\/www.vakkoesmod.com\/wp-content\/uploads\/2021\/03\/anita-18-225x337.jpeg 225w, https:\/\/www.vakkoesmod.com\/wp-content\/uploads\/2021\/03\/anita-18-900x1349.jpeg 900w, https:\/\/www.vakkoesmod.com\/wp-content\/uploads\/2021\/03\/anita-18-20x30.jpeg 20w\" \/><\/a>\n\t\t\t<\/figure>\n\t\t\t\t\t<\/div>\n\t\t<div class=\"small-12 medium-6 small-order-2 columns content-side \">\n\t\t\t<div class=\"style15-content\">\n\t\t\t\t\t<div class=\"thb-post-top\">\n\t\t\t\t\t\t\t<aside class=\"post-date\">\n\t\t\t\t1 February 2023\t\t\t<\/aside>\n\t\t\t<\/div>\n\t\t\t\t\t<div class=\"post-title\"><h2 itemprop=\"headline\"><a href=\"https:\/\/www.vakkoesmod.com\/en\/collections\/collection-2020\/shadow-and-light-anita-anwari\/\" title=\"Shadow and Light \u2014 Anita Anwari\">Shadow and Light \u2014 Anita Anwari<\/a><\/h2><\/div>\t\t\t\t<div class=\"post-content small\">\n\t\t\t\t\t<p>Sharp edges, volumous silhouette, and geometric shapes come together to form a connection between two opposite entities; shadow and light.<br \/>\nThey\u2019re powerful when they\u2019re together, and sharply refined when they touch.<\/p>\n\t\t\t\t<\/div>\n\t\t\t\t<footer class=\"post-style2-links\">\n\t<a href=\"https:\/\/www.vakkoesmod.com\/en\/collections\/collection-2020\/shadow-and-light-anita-anwari\/#respond\" title=\"Shadow and Light \u2014 Anita Anwari\" class=\"post-link comment-link\">\n\t\t<svg version=\"1.1\" xmlns=\"http:\/\/www.w3.org\/2000\/svg\" xmlns:xlink=\"http:\/\/www.w3.org\/1999\/xlink\" x=\"0px\" y=\"0px\" width=\"13px\" height=\"13.091px\" viewBox=\"0 0 13 13.091\" enable-background=\"new 0 0 13 13.091\" xml:space=\"preserve\">\n<path d=\"M13,0.919v9.188c0,0.504-0.413,0.918-0.92,0.918H6.408l-2.136,1.838C3.999,13.094,3.62,13.166,3.284,13\n\tc-0.321-0.137-0.528-0.461-0.528-0.826v-1.148H0.919C0.413,11.025,0,10.611,0,10.107V0.919C0,0.414,0.413,0,0.919,0H12.08\n\tC12.587,0,13,0.414,13,0.919z M12.08,0.919H0.919v9.188h2.756v2.066l2.389-2.066h6.017V0.919z\"\/>\n<\/svg>\t\t0 Comments\t<\/a>\n\t\t<span class=\"share-link\"><svg version=\"1.1\" xmlns=\"http:\/\/www.w3.org\/2000\/svg\" xmlns:xlink=\"http:\/\/www.w3.org\/1999\/xlink\" x=\"0px\" y=\"0px\" width=\"14px\" height=\"15px\" viewBox=\"0 0 14 15\" enable-background=\"new 0 0 14 15\" xml:space=\"preserve\"><path d=\"M12,4h-2v1h2v9H1V5h2V4H1C0.326,4,0,4.298,0,5v8.729C0,14.43,0.546,15,1.219,15h10.562C12.454,15,13,14.432,13,13.729V5\n\t\t\tC13,4.299,12.674,4,12,4z M4.88,2.848l1.162-1.214v6.78c0,0.265,0.205,0.479,0.458,0.479s0.458-0.215,0.458-0.479v-6.78\n\t\t\tL8.12,2.848c0.179,0.188,0.47,0.188,0.648,0c0.179-0.187,0.179-0.49,0-0.676L6.824,0.14c-0.18-0.187-0.47-0.187-0.648,0\n\t\t\tL4.231,2.172c-0.179,0.186-0.179,0.489,0,0.676C4.41,3.035,4.7,3.035,4.88,2.848z\"\/><\/svg> 0 Shares<\/span>\n\t<\/footer>\n\t\t\t\t\t\t\t<\/div>\n\t\t<\/div>\n\t<\/div>\n\t\t<aside class=\"post-bottom-meta hide\">\n\t\t<meta itemprop=\"mainEntityOfPage\" content=\"https:\/\/www.vakkoesmod.com\/en\/collections\/collection-2020\/shadow-and-light-anita-anwari\/\">\n\t\t<span class=\"vcard author\" itemprop=\"author\" content=\"G\u00fclten Bulakba\u015f\u0131\">\n\t\t\t<span class=\"fn\">G\u00fclten Bulakba\u015f\u0131<\/span>\n\t\t<\/span>\n\t\t<time class=\"time publised entry-date\" datetime=\"2023-02-01T11:29:40+03:00\" itemprop=\"datePublished\" content=\"2023-02-01T11:29:40+03:00\">1 February 2023<\/time>\n\t\t<meta itemprop=\"dateModified\" class=\"updated\" content=\"2023-02-01T11:30:10+03:00\">\n\t\t<span itemprop=\"publisher\" itemscope itemtype=\"https:\/\/schema.org\/Organization\">\n\t\t\t<meta itemprop=\"name\" content=\"Vakko ESMOD\">\n\t\t\t<span itemprop=\"logo\" itemscope itemtype=\"https:\/\/schema.org\/ImageObject\">\n\t\t\t\t<meta itemprop=\"url\" content=\"https:\/\/www.vakkoesmod.com\/wp-content\/themes\/thevoux-wp\/assets\/img\/logo.png\">\n\t\t\t<\/span>\n\t\t<\/span>\n\t\t\t\t\t<span itemprop=\"image\" itemscope itemtype=\"http:\/\/schema.org\/ImageObject\">\n\t\t\t\t<meta itemprop=\"url\" content=\"https:\/\/www.vakkoesmod.com\/wp-content\/uploads\/2021\/03\/anita-18.jpeg\">\n\t\t\t\t<meta itemprop=\"width\" content=\"1200\" \/>\n\t\t\t\t<meta itemprop=\"height\" content=\"1798\" \/>\n\t\t\t<\/span>\n\t\t\t<\/aside>\n\t<\/article>\n\t\t\t\t\t\t\t\t\t\t\t\t\t\t\t\t\t\t\t<article itemscope itemtype=\"http:\/\/schema.org\/Article\" class=\"post style15 style15-alt post-10233 page type-page status-publish has-post-thumbnail hentry\">\n\t<div class=\"row align-middle\">\n\t\t<div class=\"small-12 medium-6 small-order-1 columns post-gallery-column medium-order-2\">\n\t\t\t\t\t\t<figure class=\"post-gallery\">\n\t\t\t\t\t\t\t\t<a href=\"https:\/\/www.vakkoesmod.com\/en\/collections\/collection-2020\/learn-fatima-salmanova\/\" title=\"Learn \u2014 Fatima Salmanova\"><img loading=\"lazy\" decoding=\"async\" width=\"1200\" height=\"1800\" src=\"https:\/\/www.vakkoesmod.com\/wp-content\/uploads\/2021\/04\/fatima-22-20x15.jpg\" class=\"attachment-thevoux-style3-1x size-thevoux-style3-1x thb-lazyload lazyload wp-post-image\" alt=\"\" sizes=\"auto, (max-width: 1200px) 100vw, 1200px\" data-src=\"https:\/\/www.vakkoesmod.com\/wp-content\/uploads\/2021\/04\/fatima-22.jpg\" data-sizes=\"auto\" data-srcset=\"https:\/\/www.vakkoesmod.com\/wp-content\/uploads\/2021\/04\/fatima-22.jpg 1200w, https:\/\/www.vakkoesmod.com\/wp-content\/uploads\/2021\/04\/fatima-22-200x300.jpg 200w, https:\/\/www.vakkoesmod.com\/wp-content\/uploads\/2021\/04\/fatima-22-683x1024.jpg 683w, https:\/\/www.vakkoesmod.com\/wp-content\/uploads\/2021\/04\/fatima-22-768x1152.jpg 768w, https:\/\/www.vakkoesmod.com\/wp-content\/uploads\/2021\/04\/fatima-22-1024x1536.jpg 1024w, https:\/\/www.vakkoesmod.com\/wp-content\/uploads\/2021\/04\/fatima-22-450x675.jpg 450w, https:\/\/www.vakkoesmod.com\/wp-content\/uploads\/2021\/04\/fatima-22-225x338.jpg 225w, https:\/\/www.vakkoesmod.com\/wp-content\/uploads\/2021\/04\/fatima-22-900x1350.jpg 900w, https:\/\/www.vakkoesmod.com\/wp-content\/uploads\/2021\/04\/fatima-22-20x30.jpg 20w\" \/><\/a>\n\t\t\t<\/figure>\n\t\t\t\t\t<\/div>\n\t\t<div class=\"small-12 medium-6 small-order-2 columns content-side medium-order-1\">\n\t\t\t<div class=\"style15-content\">\n\t\t\t\t\t<div class=\"thb-post-top\">\n\t\t\t\t\t\t\t<aside class=\"post-date\">\n\t\t\t\t16 February 2023\t\t\t<\/aside>\n\t\t\t<\/div>\n\t\t\t\t\t<div class=\"post-title\"><h2 itemprop=\"headline\"><a href=\"https:\/\/www.vakkoesmod.com\/en\/collections\/collection-2020\/learn-fatima-salmanova\/\" title=\"Learn \u2014 Fatima Salmanova\">Learn \u2014 Fatima Salmanova<\/a><\/h2><\/div>\t\t\t\t<div class=\"post-content small\">\n\t\t\t\t\t<p>The happiness i felt during these events were truly magical and that\u2019s when i developed my love for fashion.<\/p>\n\t\t\t\t<\/div>\n\t\t\t\t<footer class=\"post-style2-links\">\n\t<a href=\"https:\/\/www.vakkoesmod.com\/en\/collections\/collection-2020\/learn-fatima-salmanova\/#respond\" title=\"Learn \u2014 Fatima Salmanova\" class=\"post-link comment-link\">\n\t\t<svg version=\"1.1\" xmlns=\"http:\/\/www.w3.org\/2000\/svg\" xmlns:xlink=\"http:\/\/www.w3.org\/1999\/xlink\" x=\"0px\" y=\"0px\" width=\"13px\" height=\"13.091px\" viewBox=\"0 0 13 13.091\" enable-background=\"new 0 0 13 13.091\" xml:space=\"preserve\">\n<path d=\"M13,0.919v9.188c0,0.504-0.413,0.918-0.92,0.918H6.408l-2.136,1.838C3.999,13.094,3.62,13.166,3.284,13\n\tc-0.321-0.137-0.528-0.461-0.528-0.826v-1.148H0.919C0.413,11.025,0,10.611,0,10.107V0.919C0,0.414,0.413,0,0.919,0H12.08\n\tC12.587,0,13,0.414,13,0.919z M12.08,0.919H0.919v9.188h2.756v2.066l2.389-2.066h6.017V0.919z\"\/>\n<\/svg>\t\t0 Comments\t<\/a>\n\t\t<span class=\"share-link\"><svg version=\"1.1\" xmlns=\"http:\/\/www.w3.org\/2000\/svg\" xmlns:xlink=\"http:\/\/www.w3.org\/1999\/xlink\" x=\"0px\" y=\"0px\" width=\"14px\" height=\"15px\" viewBox=\"0 0 14 15\" enable-background=\"new 0 0 14 15\" xml:space=\"preserve\"><path d=\"M12,4h-2v1h2v9H1V5h2V4H1C0.326,4,0,4.298,0,5v8.729C0,14.43,0.546,15,1.219,15h10.562C12.454,15,13,14.432,13,13.729V5\n\t\t\tC13,4.299,12.674,4,12,4z M4.88,2.848l1.162-1.214v6.78c0,0.265,0.205,0.479,0.458,0.479s0.458-0.215,0.458-0.479v-6.78\n\t\t\tL8.12,2.848c0.179,0.188,0.47,0.188,0.648,0c0.179-0.187,0.179-0.49,0-0.676L6.824,0.14c-0.18-0.187-0.47-0.187-0.648,0\n\t\t\tL4.231,2.172c-0.179,0.186-0.179,0.489,0,0.676C4.41,3.035,4.7,3.035,4.88,2.848z\"\/><\/svg> 0 Shares<\/span>\n\t<\/footer>\n\t\t\t\t\t\t\t<\/div>\n\t\t<\/div>\n\t<\/div>\n\t\t<aside class=\"post-bottom-meta hide\">\n\t\t<meta itemprop=\"mainEntityOfPage\" content=\"https:\/\/www.vakkoesmod.com\/en\/collections\/collection-2020\/learn-fatima-salmanova\/\">\n\t\t<span class=\"vcard author\" itemprop=\"author\" content=\"G\u00fclten Bulakba\u015f\u0131\">\n\t\t\t<span class=\"fn\">G\u00fclten Bulakba\u015f\u0131<\/span>\n\t\t<\/span>\n\t\t<time class=\"time publised entry-date\" datetime=\"2023-02-16T11:54:22+03:00\" itemprop=\"datePublished\" content=\"2023-02-16T11:54:22+03:00\">16 February 2023<\/time>\n\t\t<meta itemprop=\"dateModified\" class=\"updated\" content=\"2023-02-16T11:54:22+03:00\">\n\t\t<span itemprop=\"publisher\" itemscope itemtype=\"https:\/\/schema.org\/Organization\">\n\t\t\t<meta itemprop=\"name\" content=\"Vakko ESMOD\">\n\t\t\t<span itemprop=\"logo\" itemscope itemtype=\"https:\/\/schema.org\/ImageObject\">\n\t\t\t\t<meta itemprop=\"url\" content=\"https:\/\/www.vakkoesmod.com\/wp-content\/themes\/thevoux-wp\/assets\/img\/logo.png\">\n\t\t\t<\/span>\n\t\t<\/span>\n\t\t\t\t\t<span itemprop=\"image\" itemscope itemtype=\"http:\/\/schema.org\/ImageObject\">\n\t\t\t\t<meta itemprop=\"url\" content=\"https:\/\/www.vakkoesmod.com\/wp-content\/uploads\/2021\/04\/fatima-22.jpg\">\n\t\t\t\t<meta itemprop=\"width\" content=\"1200\" \/>\n\t\t\t\t<meta itemprop=\"height\" content=\"1800\" \/>\n\t\t\t<\/span>\n\t\t\t<\/aside>\n\t<\/article>\n\t\t\t\t\t\t\t\t\t\t\t\t\t\t<\/div>\n\t\t[\/vc_column_inner][\/vc_row_inner][\/vc_column][\/vc_row][vc_row disable_element=&#8221;yes&#8221;][vc_column][vc_tta_accordion color=&#8221;white&#8221; c_align=&#8221;center&#8221; c_icon=&#8221;chevron&#8221; active_section=&#8221;0&#8243; no_fill=&#8221;true&#8221;][vc_tta_section i_icon_fontawesome=&#8221;fa fa-angle-down&#8221; add_icon=&#8221;true&#8221; title=&#8221;Katalog G\u00f6r\u00fcn\u00fcm\u00fc&#8221; tab_id=&#8221;1562771043196-f5cb07d7-8de4&#8243;][vc_raw_html]JTNDc3R5bGUlM0UuZW1iZWQtY29udGFpbmVyJTIwJTdCJTIwcG9zaXRpb24lM0ElMjByZWxhdGl2ZSUzQiUyMHBhZGRpbmctYm90dG9tJTNBNTYuMjUlMjUlM0IlMjBoZWlnaHQlM0EwJTNCJTIwb3ZlcmZsb3clM0ElMjBoaWRkZW4lM0IlMjBtYXgtd2lkdGglM0ElMjAxMDAlMjUlM0IlMjAlN0QlMjAuZW1iZWQtY29udGFpbmVyJTIwaWZyYW1lJTJDJTIwLmVtYmVkLWNvbnRhaW5lciUyMG9iamVjdCUyQyUyMC5lbWJlZC1jb250YWluZXIlMjBlbWJlZCUyMCU3QiUyMHBvc2l0aW9uJTNBJTIwYWJzb2x1dGUlM0IlMjB0b3AlM0ElMjAwJTNCJTIwbGVmdCUzQSUyMDAlM0IlMjB3aWR0aCUzQSUyMDEwMCUyNSUzQiUyMGhlaWdodCUzQSUyMDEwMCUyNSUzQiU3RCUzQyUyRnN0eWxlJTNFJTNDZGl2JTIwY2xhc3MlM0QlMjdlbWJlZC1jb250YWluZXIlMjclMjBkYXRhLXBhZ2Utd2lkdGglM0QlMjc1MDAlMjclMjBkYXRhLXBhZ2UtaGVpZ2h0JTNEJTI3MzI5JTI3JTIwaWQlM0QlMjd5cGVtYmVkY29udGFpbmVyJTI3JTIwJTNFJTNDaWZyYW1lJTIwJTIwJTIwc3JjJTNEJTIyaHR0cHMlM0ElMkYlMkZ3d3cueXVtcHUuY29tJTJGdHIlMkZlbWJlZCUyRnZpZXclMkZ3ekxuak5BZHU5NTdEc01ZJTIyJTIwZnJhbWVib3JkZXIlM0QlMjIwJTIyJTIwYWxsb3dmdWxsc2NyZWVuJTNEJTIydHJ1ZSUyMiUyMCUyMGFsbG93dHJhbnNwYXJlbmN5JTNEJTIydHJ1ZSUyMiUzRSUzQyUyRmlmcmFtZSUzRSUzQyUyRmRpdiUzRSUzQ3NjcmlwdCUyMHNyYyUzRCUyN2h0dHBzJTNBJTJGJTJGcGxheWVycy55dW1wdS5jb20lMkZtb2R1bGVzJTJGZW1iZWQlMkZ5cF9yX2lmcmFtZS5qcyUyNyUyMCUzRSUzQyUyRnNjcmlwdCUzRQ==[\/vc_raw_html][\/vc_tta_section][\/vc_tta_accordion][\/vc_column][\/vc_row]\n","protected":false},"excerpt":{"rendered":"<p>[vc_row column_padding=&#8221;false&#8221; full_width_row=&#8221;true&#8221; el_class=&#8221;center-row-bg&#8221; css=&#8221;.vc_custom_1559521460234{background-image: url(\/wp-content\/uploads\/2019\/07\/design-bg.jpg) !important;}&#8221;][vc_column][vc_row_inner max_width=&#8221;true&#8221;][vc_column_inner][vc_empty_space mobile_height=&#8221;20px&#8221; height=&#8221;40px&#8221;][vc_column_text] Collections 202320222021<\/p>\n","protected":false},"author":18,"featured_media":0,"parent":756,"menu_order":0,"comment_status":"closed","ping_status":"closed","template":"","meta":{"footnotes":""},"class_list":["post-10212","page","type-page","status-publish","hentry"],"_links":{"self":[{"href":"https:\/\/www.vakkoesmod.com\/en\/wp-json\/wp\/v2\/pages\/10212","targetHints":{"allow":["GET"]}}],"collection":[{"href":"https:\/\/www.vakkoesmod.com\/en\/wp-json\/wp\/v2\/pages"}],"about":[{"href":"https:\/\/www.vakkoesmod.com\/en\/wp-json\/wp\/v2\/types\/page"}],"author":[{"embeddable":true,"href":"https:\/\/www.vakkoesmod.com\/en\/wp-json\/wp\/v2\/users\/18"}],"replies":[{"embeddable":true,"href":"https:\/\/www.vakkoesmod.com\/en\/wp-json\/wp\/v2\/comments?post=10212"}],"version-history":[{"count":0,"href":"https:\/\/www.vakkoesmod.com\/en\/wp-json\/wp\/v2\/pages\/10212\/revisions"}],"up":[{"embeddable":true,"href":"https:\/\/www.vakkoesmod.com\/en\/wp-json\/wp\/v2\/pages\/756"}],"wp:attachment":[{"href":"https:\/\/www.vakkoesmod.com\/en\/wp-json\/wp\/v2\/media?parent=10212"}],"curies":[{"name":"wp","href":"https:\/\/api.w.org\/{rel}","templated":true}]}}